{"id":11752,"date":"2024-03-07T13:24:40","date_gmt":"2024-03-07T13:24:40","guid":{"rendered":"https:\/\/treatro.it\/?page_id=11752"},"modified":"2024-03-07T13:25:41","modified_gmt":"2024-03-07T13:25:41","slug":"proposta-2024","status":"publish","type":"page","link":"https:\/\/treatro.it\/?page_id=11752","title":{"rendered":"Proposta 2024"},"content":{"rendered":"<div class=\"mp-row-fluid motopress-row mpce-dsbl-margin-left mpce-dsbl-margin-right\">\n<div class=\"motopress-clmn mp-span12  mpce-dsbl-margin-left mpce-dsbl-margin-right\">\n<div class=\"motopress-image-obj motopress-text-align-left\"><img decoding=\"async\" src=\"https:\/\/treatro.it\/wp-content\/uploads\/2022\/03\/rassegna-2022.jpg\" title=\"rassegna-2022\" alt=\"rassegna-2022\" class=\"motopress-image-obj-basic mpce-dsbl-margin-left mpce-dsbl-margin-right mpce-dsbl-margin-top mpce-dsbl-margin-bottom\" \/><\/div>\n<\/div>\n<\/div>\n<div class=\"mp-row-fluid motopress-row mpce-dsbl-margin-left mpce-dsbl-margin-right\">\n<div class=\"motopress-clmn mp-span6  mpce-dsbl-margin-left mpce-dsbl-margin-right\">\n<div class=\"motopress-text-obj mpce-prvt-11422-614d9417d970f\">\n<h2>Comunicato Stampa<\/h2>\n<\/div>\n<\/div>\n<div class=\"motopress-clmn mp-span6  mpce-dsbl-margin-left mpce-dsbl-margin-right\">\n<div class=\"mp-row-fluid motopress-row mpce-dsbl-margin-left mpce-dsbl-margin-right\">\n<div class=\"motopress-clmn mp-span12 mpce-dsbl-margin-left mpce-dsbl-margin-right  motopress-space\">\n<div class=\"motopress-space-obj mpce-dsbl-background-image-type mpce-dsbl-background-image mpce-dsbl-background-gradient mpce-dsbl-background-position mpce-dsbl-background-position-x mpce-dsbl-background-position-y mpce-dsbl-background-repeat mpce-dsbl-background-size mpce-dsbl-background-attachment mpce-dsbl-margin-left mpce-dsbl-margin-right mpce-dsbl-background-color mpce-dsbl-border-top-width mpce-dsbl-border-bottom-width mpce-dsbl-border-left-width mpce-dsbl-border-right-width mpce-dsbl-border-top-left-radius mpce-dsbl-border-top-right-radius mpce-dsbl-border-bottom-left-radius mpce-dsbl-border-bottom-right-radius mpce-dsbl-border-style mpce-dsbl-border-color mpce-dsbl-padding-left mpce-dsbl-padding-right mpce-dsbl-margin-top mpce-dsbl-margin-bottom mpce-dsbl-color\"  data-min-height=\"0\"><div><\/div><\/div>\n<\/div>\n<\/div>\n<div class=\"mp-row-fluid motopress-row mpce-dsbl-margin-left mpce-dsbl-margin-right\">\n<div class=\"motopress-clmn mp-span12 mpce-dsbl-margin-left mpce-dsbl-margin-right\">\n<div class=\"motopress-button-obj motopress-text-align-left\"><a href=\"https:\/\/treatro.it\/wp-content\/uploads\/2024\/03\/proposta-2024.pdf\" target=\"_blank\" class=\"motopress-btn motopress-btn-size-middle motopress-btn-rounded motopress-btn-icon-indent-small mpce-prvt-11752-65e9c03c4df63\"><i class=\"fa fa-download motopress-btn-icon-align-left\"><\/i>Scarica la locandina - Proposta 2024<\/a><\/div>\n<\/div>\n<\/div>\n<\/div>\n<\/div>\n<div class=\"mp-row-fluid motopress-row mpce-dsbl-margin-left mpce-dsbl-margin-right\">\n<div class=\"motopress-clmn mp-span12  mpce-dsbl-margin-left mpce-dsbl-margin-right\">\n<div class=\"motopress-text-obj\">\n<div id=\"PAGES_CONTAINERinlineContent\">\n<div id=\"SITE_PAGES\">\n<div id=\"ifaas\" data-ismobile=\"false\" data-is-mesh-layout=\"false\">\n<div id=\"ifaasinlineContent\">\n<p class=\"Standard\" style=\"margin: 0cm; font-size: 12pt; font-family: 'Liberation Serif', serif; color: #000000; font-style: normal; font-weight: 400; text-align: justify;\"><b><span style=\"font-size: 14pt; font-family: 'Times New Roman', serif; color: #0d0d0d;\">Proposta 41: Un Soffio di Vita e Arte nella Valle Tompia<\/span><\/b><\/p>\n<p class=\"Standard\" style=\"margin: 0cm; font-size: 12pt; font-family: 'Liberation Serif', serif; color: #000000; font-style: normal; font-weight: 400; text-align: justify;\">\n<p class=\"Standard\" style=\"margin: 0cm; font-size: 12pt; font-family: 'Liberation Serif', serif; color: #000000; font-style: normal; font-weight: 400; text-align: justify;\"><span style=\"font-size: 14pt; font-family: 'Times New Roman', serif; color: #0d0d0d;\">La magia del teatro torna ad invadere la Valle Trompia! &#8220;Proposta 41&#8221;, un progetto teatrale originale, tessitore di storie, emozioni e scoperte, si appresta a toccare 13 Comuni Bovezzo, Caino, Collebeato, Gardone V.T., Gussago, Lodrino, Lumezzane, Marcheno, Nave, Pezzaze, Sarezzo, Tavernole s\/M, Villa Carcina, e la <i>Comunit\u00e0 Montana <\/i>che insieme a <i>treatro terrediconfine<\/i> uniscono le loro forze in questa importante avventura culturale.<\/span><\/p>\n<p class=\"Standard\" style=\"margin: 0cm; font-size: 12pt; font-family: 'Liberation Serif', serif; color: #000000; font-style: normal; font-weight: 400; text-align: justify;\"><b><span style=\"font-size: 14pt; font-family: 'Times New Roman', serif; color: #0d0d0d;\">Un Teatro senza Confini. <\/span><\/b><span style=\"font-size: 14pt; font-family: 'Times New Roman', serif; color: #0d0d0d;\">Musei, auditorium, sale civiche, ex capannoni industriali si trasformano in vivaci teatri, dove ogni spettacolo diventa un ponte tra generazioni, un abbraccio tra tradizione e innovazione. &#8220;Proposta 41&#8221; non \u00e8 solo teatro, \u00e8 un invito alla comunit\u00e0 a riunirsi, a scoprire, a sorridere e a riflettere insieme.<\/span><\/p>\n<p class=\"Standard\" style=\"margin: 0cm; font-size: 12pt; font-family: 'Liberation Serif', serif; color: #000000; font-style: normal; font-weight: 400; text-align: justify;\"><b><span style=\"font-size: 14pt; font-family: 'Times New Roman', serif; color: #0d0d0d;\">Temi che Parlano al Cuore. <\/span><\/b><span style=\"font-size: 14pt; font-family: 'Times New Roman', serif; color: #0d0d0d;\">La rassegna 2024, fedele alla sua poetica sociale, si fa portavoce di temi cruciali: la bellezza nella diversit\u00e0, la lotta contro la discriminazione di genere, le storie che affondano le radici nella nostra terra e si intrecciano con quelle lontane. Il teatro diventa cos\u00ec uno specchio del nostro tempo, capace di scuotere coscienze e accendere dibattiti.<\/span><\/p>\n<p class=\"Standard\" style=\"margin: 0cm; font-size: 12pt; font-family: 'Liberation Serif', serif; color: #000000; font-style: normal; font-weight: 400; text-align: justify;\"><b><span style=\"font-size: 14pt; font-family: 'Times New Roman', serif; color: #0d0d0d;\">Un Palcoscenico Condiviso. <\/span><\/b><span style=\"font-size: 14pt; font-family: 'Times New Roman', serif; color: #0d0d0d;\">Anche quest&#8217;anno, la direzione artistica apre le porte a compagnie locali e artisti di calibro nazionale. Una scelta simbolica: il teatro non \u00e8 una gara, ma un luogo di incontro, di espressione, di rinascita culturale.<\/span><\/p>\n<p class=\"Standard\" style=\"margin: 0cm; font-size: 12pt; font-family: 'Liberation Serif', serif; color: #000000; font-style: normal; font-weight: 400; text-align: justify;\"><b><span style=\"font-size: 14pt; font-family: 'Times New Roman', serif; color: #0d0d0d;\">Innovazione e Inclusione. <\/span><\/b><span style=\"font-size: 14pt; font-family: 'Times New Roman', serif; color: #0d0d0d;\">&#8220;Proposta&#8221; si rinnova, allargando orizzonti e pubblico. Giovani, famiglie, anziani, persone vulnerabili: tutti sono invitati a partecipare, a esplorare nuove forme di dialogo e interazione con il teatro e la comunit\u00e0.<\/span><\/p>\n<p class=\"Standard\" style=\"margin: 0cm; font-size: 12pt; font-family: 'Liberation Serif', serif; color: #000000; font-style: normal; font-weight: 400; text-align: justify;\"><b><span style=\"font-size: 14pt; font-family: 'Times New Roman', serif; color: #0d0d0d;\">Riflettori sul femminile e sul Territorio. <\/span><\/b><span style=\"font-size: 14pt; font-family: 'Times New Roman', serif; color: #0d0d0d;\">Dai coraggiosi racconti di donne che sfidano gli stereotipi alle vicende del territorio che rievocano il passato e interrogano il presente, ogni spettacolo \u00e8 un viaggio nella Storia, nella cultura, nell&#8217;anima.<\/span><\/p>\n<p class=\"Standard\" style=\"margin: 0cm; font-size: 12pt; font-family: 'Liberation Serif', serif; color: #000000; font-style: normal; font-weight: 400; text-align: justify;\"><b><span style=\"font-size: 14pt; font-family: 'Times New Roman', serif; color: #0d0d0d;\">Un Mosaico di storie e Generi. <\/span><\/b><span style=\"font-size: 14pt; font-family: 'Times New Roman', serif; color: #0d0d0d;\">Dal dramma alla commedia, dalla danza al teatro-documento, &#8220;Proposta 41&#8221; celebra la diversit\u00e0 artistica. Storie di migrazioni, di Resistenza, di coraggio si intrecciano a racconti di vita quotidiana, rivelando la ricchezza e la complessit\u00e0 del tessuto umano e sociale.<\/span><\/p>\n<p class=\"Standard\" style=\"margin: 0cm; font-size: 12pt; font-family: 'Liberation Serif', serif; color: #000000; font-style: normal; font-weight: 400; text-align: justify;\"><b><span style=\"font-size: 14pt; font-family: 'Times New Roman', serif; color: #0d0d0d;\">Formazione e Creativit\u00e0. <\/span><\/b><span style=\"font-size: 14pt; font-family: 'Times New Roman', serif; color: #0d0d0d;\">Il progetto include anche laboratori teatrali nello &#8220;Spazio Praticabile&#8221; di treatro terrediconfine, un laboratorio di creazione e confronto artistico. I partecipanti, dai bambini agli adulti, avranno l&#8217;opportunit\u00e0 di esprimersi e crescere attraverso l&#8217;arte.<\/span><\/p>\n<p class=\"Standard\" style=\"margin: 15pt 0cm; font-size: 12pt; font-family: 'Liberation Serif', serif; color: #000000; font-style: normal; font-weight: 400; text-align: justify;\"><b><span style=\"font-size: 14pt; font-family: 'Times New Roman', serif; color: #0d0d0d;\">&#8220;Proposta 41&#8221;<\/span><\/b><span style=\"font-size: 14pt; font-family: 'Times New Roman', serif; color: #0d0d0d;\"> non \u00e8 solo una rassegna teatrale, \u00e8 un movimento culturale, un invito a riscoprire la nostra Comunit\u00e0, a vivere il teatro come esperienza collettiva e trasformativa. Unitevi a noi in questo viaggio esaltante attraverso la Valle Tompia, dove ogni spettacolo \u00e8 un passo verso una comunit\u00e0 pi\u00f9 coesa, consapevole e vibrante. Unitevi a noi, lasciatevi incantare!<\/span><\/p>\n<p class=\"Standard\" style=\"margin: 0cm; font-size: 12pt; font-family: 'Liberation Serif', serif; color: #000000; font-style: normal; font-weight: 400; text-align: justify;\"><span style=\"font-size: 14pt; font-family: 'Times New Roman', serif;\">\u00a0<\/span><\/p>\n<p style=\"margin: 15pt 0cm; font-size: 12pt; font-family: 'Times New Roman', serif; color: #000000; font-style: normal; font-weight: 400;\"><b><span style=\"font-size: 14pt; color: #0d0d0d;\">Elenco degli spettacoli<\/span><\/b><\/p>\n<p style=\"margin: 0cm; font-size: 12pt; font-family: 'Times New Roman', serif; color: #000000; font-style: normal; font-weight: 400;\"><b><span style=\"font-size: 14pt;\">&#8220;Selci di cortile&#8221; e &#8220;Donne lo sguardo le storie&#8221;<\/span><\/b><span style=\"font-size: 14pt; color: #0d0d0d;\">: Questi spettacoli esplorano la vita, le sfide e i trionfi delle donne, offrendo una prospettiva unica e potente sulla loro resilienza e innovazione sociale.<\/span><\/p>\n<p style=\"margin: 0cm; font-size: 12pt; font-family: 'Times New Roman', serif; color: #000000; font-style: normal; font-weight: 400;\"><b><span style=\"font-size: 14pt;\">&#8220;Lo stronzo&#8221;<\/span><\/b><span style=\"font-size: 14pt; color: #0d0d0d;\">: Un&#8217;analisi profonda delle dinamiche maschili nelle relazioni familiari e di coppia, esplorando tematiche spesso trascurate.<\/span><\/p>\n<p style=\"margin: 0cm; font-size: 12pt; font-family: 'Times New Roman', serif; color: #000000; font-style: normal; font-weight: 400;\"><b><span style=\"font-size: 14pt; color: #0d0d0d;\">In viaggio con PPP&#8221;<\/span><\/b><span style=\"font-size: 14pt; color: #0d0d0d;\">: Un viaggio nell&#8217;Italia degli anni &#8217;50 attraverso gli occhi di Pier Paolo Pasolini.<\/span><\/p>\n<p style=\"margin: 0cm; font-size: 12pt; font-family: 'Times New Roman', serif; color: #000000; font-style: normal; font-weight: 400;\"><b><span style=\"font-size: 14pt; color: #0d0d0d;\">&#8220;Pigmalione&#8221;<\/span><\/b><span style=\"font-size: 14pt; color: #0d0d0d;\">: Un&#8217;opera che si interroga sulla relazione tra verit\u00e0 e arte, basata sulla storia vera del regista ebreo Kurt Gerron.<\/span><\/p>\n<p style=\"margin: 0cm; font-size: 12pt; font-family: 'Times New Roman', serif; color: #000000; font-style: normal; font-weight: 400;\"><b><span style=\"font-size: 14pt; color: #0d0d0d;\">&#8220;Giotto coraggio&#8221;<\/span><\/b><span style=\"font-size: 14pt; color: #0d0d0d;\">: Una narrazione avvincente di una dottoressa che, durante la Repubblica di Sal\u00f2, si batte contro l&#8217;oppressione e l&#8217;ingiustizia.<\/span><\/p>\n<p style=\"margin: 0cm; font-size: 12pt; font-family: 'Times New Roman', serif; color: #000000; font-style: normal; font-weight: 400;\"><b><span style=\"font-size: 14pt; color: #0d0d0d;\">&#8220;Il fanciullino&#8221;<\/span><\/b><span style=\"font-size: 14pt; color: #0d0d0d;\">: Uno sguardo sorprendente e toccante sulla terza et\u00e0, esplorando la vita degli anziani con una prospettiva fresca e insolita.<\/span><\/p>\n<p style=\"margin: 0cm; font-size: 12pt; font-family: 'Times New Roman', serif; color: #000000; font-style: normal; font-weight: 400;\"><b><span style=\"font-size: 14pt; color: #0d0d0d;\">&#8220;La spremuta&#8221;<\/span><\/b><span style=\"font-size: 14pt; color: #0d0d0d;\">: Uno spettacolo-documento che rivive gli eventi di Rosarno del 2010, ponendo l&#8217;accento sul coraggio e la dignit\u00e0 umana di fronte all&#8217;oppressione e allo sfruttamento.<\/span><\/p>\n<p style=\"margin: 0cm; font-size: 12pt; font-family: 'Times New Roman', serif; color: #000000; font-style: normal; font-weight: 400;\"><b><span style=\"font-size: 14pt; color: #0d0d0d;\">\u201cLuisa\u201d<\/span><\/b><span style=\"font-size: 14pt; color: #0d0d0d;\">: Un corpo minuto, un gesto, un sussurro diventano paradigma per costruire sequenze di danza e immagini di\u00a0 teatro che raccontano una donna in un contesto di solitudine e fragilit\u00e0<\/span><\/p>\n<p style=\"margin: 0cm; font-size: 12pt; font-family: 'Times New Roman', serif; color: #000000; font-style: normal; font-weight: 400;\"><b><span style=\"font-size: 14pt; color: #0d0d0d;\">&#8220;\u00c8l Balar\u00ec&#8221; e &#8220;Bibbi\u00f9&#8221;<\/span><\/b><span style=\"font-size: 14pt; color: #0d0d0d;\">: Due spettacoli che rivivono la vita rurale bresciana, presentati in un dialetto che unisce lirismo e ironia.<\/span><\/p>\n<p style=\"margin: 0cm; font-size: 12pt; font-family: 'Times New Roman', serif; color: #000000; font-style: normal; font-weight: 400;\"><b><span style=\"font-size: 14pt; color: #0d0d0d;\">&#8220;Pluto&#8221;: <\/span><\/b><span style=\"font-size: 14pt; color: #0d0d0d;\">\u00a0Una commedia caustica e dissacrante sul dio denaro e le sue influenze nefaste nella Societ\u00e0.<\/span><\/p>\n<p style=\"margin: 0cm; font-size: 12pt; font-family: 'Times New Roman', serif; color: #000000; font-style: normal; font-weight: 400;\"><b><span style=\"font-size: 14pt;\">&#8220;Suck my iperuranio&#8221;<\/span><\/b><span style=\"font-size: 14pt; color: #0d0d0d;\">: Ispirato a &#8220;Opinioni di un clown&#8221; di Heinrich B\u00f6ll, questa stand-up\u00a0 comedy ironica e divertente tratta la fragilit\u00e0 maschile in maniera unica.<\/span><\/p>\n<p style=\"margin: 0cm; font-size: 12pt; font-family: 'Times New Roman', serif; color: #000000; font-style: normal; font-weight: 400;\"><b><span style=\"font-size: 14pt; color: #0d0d0d;\">&#8220;Il colore X&#8221;<\/span><\/b><span style=\"font-size: 14pt; color: #0d0d0d;\">: Tre episodi,<i>\u201dLa panchina\u201d , \u201cL\u2019uomo con gli occhiali\u201d <\/i>e<i> \u201cMani blu\u201d<\/i>, un unico spettacolo\u00a0 nato da un\u2019indagine della compagnia che ha utilizzato\u00a0 il teatro come mezzo di integrazione e valorizzazione nelle periferie di Milano.<\/span><\/p>\n<p style=\"margin: 0cm; font-size: 12pt; font-family: 'Times New Roman', serif; color: #000000; font-style: normal; font-weight: 400;\"><b><span style=\"font-size: 14pt; color: #0d0d0d;\">&#8220;Per un pugno di sale&#8221;<\/span><\/b><span style=\"font-size: 14pt; color: #0d0d0d;\">: spettacolo-documento che\u00a0 narra fatti locali di contrabbando, di fame, di coraggio e di ingiustizie, immergendosi nella Storia della Valle Trompia.<\/span><\/p>\n<p style=\"margin: 0cm; font-size: 12pt; font-family: 'Times New Roman', serif; color: #000000; font-style: normal; font-weight: 400;\"><b><span style=\"font-size: 14pt;\">&#8220;Il paese delle facce gonfie&#8221;<\/span><\/b><span style=\"font-size: 14pt; color: #0d0d0d;\">: Un racconto sulla tragedia di Seveso (1976), simbolo delle catastrofi ambientali evitabili.<\/span><\/p>\n<p><b style=\"color: #000000; font-size: medium;\"><span style=\"font-size: 14pt; font-family: 'Times New Roman', serif;\">Laboratori Teatrali: Dai Bambini agli Adulti. <\/span><\/b><span style=\"font-style: normal; font-weight: 400; font-size: 14pt; font-family: 'Times New Roman', serif; color: #0d0d0d;\">Oltre agli spettacoli, la rassegna include i risultati dei laboratori teatrali di &#8220;Spazio Praticabile&#8221; di treatro terrediconfine. I partecipanti, che variano dai bambini agli anziani, mostreranno le loro creazioni, celebrando anche i 25 anni di attivit\u00e0 dell&#8217;associazione all&#8217;interno dell&#8217;ASST Spedali Civili di Brescia.<\/span><\/p>\n<\/div>\n<\/div>\n<\/div>\n<\/div>\n<\/div>\n<\/div>\n<\/div>\n","protected":false},"excerpt":{"rendered":"Comunicato Stampa Scarica la locandina &#8211; Proposta 2024 Proposta 41: Un Soffio di Vita e Arte nella Valle Tompia La magia del teatro torna ad invadere la Valle Trompia! &#8220;Proposta 41&#8221;, un progetto teatrale originale, tessitore di storie, emozioni e scoperte, si appresta a toccare 13 Comuni Bovezzo, Caino, Collebeato, Gardone V.T., Gussago, Lodrino, Lumezzane, [&hellip;]","protected":false},"author":1,"featured_media":0,"parent":10506,"menu_order":0,"comment_status":"closed","ping_status":"closed","template":"","meta":{"footnotes":""},"_links":{"self":[{"href":"https:\/\/treatro.it\/index.php?rest_route=\/wp\/v2\/pages\/11752"}],"collection":[{"href":"https:\/\/treatro.it\/index.php?rest_route=\/wp\/v2\/pages"}],"about":[{"href":"https:\/\/treatro.it\/index.php?rest_route=\/wp\/v2\/types\/page"}],"author":[{"embeddable":true,"href":"https:\/\/treatro.it\/index.php?rest_route=\/wp\/v2\/users\/1"}],"replies":[{"embeddable":true,"href":"https:\/\/treatro.it\/index.php?rest_route=%2Fwp%2Fv2%2Fcomments&post=11752"}],"version-history":[{"count":4,"href":"https:\/\/treatro.it\/index.php?rest_route=\/wp\/v2\/pages\/11752\/revisions"}],"predecessor-version":[{"id":11757,"href":"https:\/\/treatro.it\/index.php?rest_route=\/wp\/v2\/pages\/11752\/revisions\/11757"}],"up":[{"embeddable":true,"href":"https:\/\/treatro.it\/index.php?rest_route=\/wp\/v2\/pages\/10506"}],"wp:attachment":[{"href":"https:\/\/treatro.it\/index.php?rest_route=%2Fwp%2Fv2%2Fmedia&parent=11752"}],"curies":[{"name":"wp","href":"https:\/\/api.w.org\/{rel}","templated":true}]}}