{"id":11692,"date":"2023-02-23T14:09:15","date_gmt":"2023-02-23T14:09:15","guid":{"rendered":"https:\/\/treatro.it\/?page_id=11692"},"modified":"2023-03-07T09:50:10","modified_gmt":"2023-03-07T09:50:10","slug":"affari-di-famiglia","status":"publish","type":"page","link":"https:\/\/treatro.it\/?page_id=11692","title":{"rendered":"Affari di famiglia"},"content":{"rendered":"<div class=\"mp-row-fluid motopress-row mpce-dsbl-margin-left mpce-dsbl-margin-right\">\n<div class=\"motopress-clmn mp-span12  mpce-dsbl-margin-left mpce-dsbl-margin-right\">\n<div class=\"mp-row-fluid motopress-row mpce-dsbl-margin-left mpce-dsbl-margin-right motopress-margin-top-50\">\n<div class=\"motopress-clmn mp-span12 mpce-dsbl-margin-left mpce-dsbl-margin-right\">\n<div class=\"motopress-text-obj\">\n<h2><span style=\"color: #ff0000; font-size: 48px;\">AFFARI DI FAMIGLIA<\/span><\/h2>\n<\/div>\n<\/div>\n<\/div>\n<div class=\"mp-row-fluid motopress-row mpce-dsbl-margin-left mpce-dsbl-margin-right\">\n<div class=\"motopress-clmn mp-span7 mpce-dsbl-margin-left mpce-dsbl-margin-right\">\n<div class=\"motopress-code-obj\">\n<p><strong>Gioved\u00ec 25 Maggio &#8211; ore 21:00<\/strong><br \/><span style=\"color: #ff0000;\">TAVERNOLE SUL MELLA<\/span><br \/>Museo Il Forno \u2013 via Forno Fusorio,1<br \/><strong>ingresso 10 euro \u2013 ridotto 7 euro<\/strong><\/p>\n<p>uno spettacolo di <strong>Antonella Questa<\/strong><br \/>con <strong>Antonella Questa e Ilaria Marchian\u00f2<\/strong><br \/>movimenti di scena <strong>Magali B. &#8211; Cie Madeleine&amp;Alfred<\/strong><br \/>disegno luci <strong>Daniele Passeri<\/strong><br \/>assistenza tecnica <strong>Marco Oligeri<\/strong><br \/>organizzazione generale <strong>Serena Sarbia<\/strong><br \/>una produzione<strong> LaQ-Prod<\/strong><br \/><strong>col sostegno di Armunia Teatro &#8211; Festival InEquilibrio e Pupi&amp;Fresedde \u2013 Teatro di Rifredi<\/strong><\/p>\n<\/div>\n<\/div>\n<div class=\"motopress-clmn mp-span5 mpce-dsbl-margin-left mpce-dsbl-margin-right\">\n<div class=\"motopress-code-obj\">\n<p><img decoding=\"async\" src=\"https:\/\/treatro.it\/wp-content\/uploads\/2023\/02\/affari-di-.jpg\" alt=\"\" \/><\/p>\n<\/div>\n<\/div>\n<\/div>\n<div class=\"mp-row-fluid motopress-row mpce-dsbl-margin-left mpce-dsbl-margin-right\">\n<div class=\"motopress-clmn mp-span12 mpce-dsbl-margin-left mpce-dsbl-margin-right\">\n<div class=\"motopress-button-obj motopress-text-align-left\"><a href=\"https:\/\/treatro.it\/wp-content\/uploads\/2023\/02\/LIBRETTO-proposte-2023.pdf\" target=\"_blank\" class=\"motopress-btn motopress-btn-rounded motopress-btn-color-red motopress-btn-size-middle\">Proposte 2023<\/a><\/div>\n<\/div>\n<\/div>\n<\/div>\n<\/div>\n<div class=\"mp-row-fluid motopress-row mpce-dsbl-margin-left mpce-dsbl-margin-right\">\n<div class=\"motopress-clmn mp-span12  mpce-dsbl-margin-left mpce-dsbl-margin-right  motopress-empty mp-hidden-phone\">\n<\/div>\n<\/div>\n<div class=\"mp-row-fluid motopress-row mpce-dsbl-margin-left mpce-dsbl-margin-right\">\n<div class=\"motopress-clmn mp-span12  mpce-dsbl-margin-left mpce-dsbl-margin-right\">\n<div class=\"mp-row-fluid motopress-row mpce-dsbl-margin-left mpce-dsbl-margin-right\">\n<div class=\"motopress-clmn mp-span12 mpce-dsbl-margin-left mpce-dsbl-margin-right\">\n<div class=\"motopress-code-obj\">\n<p class=\"p1\">L&#8217;85% delle aziende italiane sono familiari, occupano il 70% dei lavoratori e sono in Europa le pi\u00f9 longeve in assoluto. In assoluto \u2013 l&#8217;80% &#8211; sono anche quelle che in Europa mantengono il management in mano ai membri della propria famiglia.<\/p>\n<p class=\"p1\">Purtroppo solo il 30% sopravvive al fondatore e soltanto un piccolo 18% arriva alla terza generazione. Il passaggio generazionale, ovvero il passaggio di consegne del potere e della gestione, risulta essere quindi il momento pi\u00f9 delicato e pi\u00f9 temuto all&#8217;interno di una famiglia proprietaria di azienda.<\/p>\n<p class=\"p1\">Cosa rende cos\u00ec complicato effettuare un passaggio generazionale di successo? Perch\u00e9 generosit\u00e0, fiducia, apertura si usano con maggiore facilit\u00e0 verso il mercato finanziario anzich\u00e9 verso la propria prole?<\/p>\n<p class=\"p1\">Queste domande mi hanno guidato per mesi tra studi e interviste a uomini e donne della seconda e terza generazione, a vecchi e futuri dirigenti di aziende familiari, ai consulenti esterni, ai direttori delle risorse umane, e mi hanno permesso di entrare in un mondo dove le problematiche relazionali, amplificate proprio perch\u00e9 siamo in un ambito familiare, giocano un ruolo chiave nel successo o meno di questo passaggio.<\/p>\n<p class=\"p1\">Essendo da anni la Famiglia il mio campo di indagine preferito, per raccontare e capire la societ\u00e0 in cui viviamo, portare in scena la riuscita felice di un passaggio generazionale inizialmente difficile, mi \u00e8 sembrata un&#8217;ottima occasione per riflettere sulla difficolt\u00e0 delle vecchie generazioni a lasciare il posto alle nuove e di quali possano essere le strade per superarle, non soltanto in ambito imprenditoriale.<\/p>\n<p class=\"p1\">Per farlo ho scelto di partire da un&#8217;immaginaria azienda, La Fabrizio Farmaceutica, fondata in<\/p>\n<p class=\"p1\">un&#8217;immaginaria vallata del Nord Italia, la Val Membrana, in cui far partire la storia dal giorno del funerale del suo Presidente, il vecchio Fabrizio junior. A ritrovarsi oggi nel suo ufficio, e dopo mesi di lontananza, sua figlia Anna Rita, designata a succedergli alla testa dell&#8217;azienda e la sua propria figlia, nonch\u00e9 nipote del defunto, Fabrizia. Le due donne dovranno affrontare un passaggio generazionale che non era stato preparato, in un&#8217;azienda minacciata dalla concorrenza, Anna Rita \u00e8 fedele ad una visione del lavoro d&#8217;altri tempi mentre Fabrizia spinge verso quella tipica delle nuove generazioni, formatesi lontano da casa e con un&#8217;esperienza lavorativa all&#8217;estero. Al tutto si aggiungono vecchi attriti, segreti di famiglia ed emozioni mai espresse. Come conciliare allora innovazione, tradizione e sentimenti, per il bene dell&#8217;azienda?<\/p>\n<p class=\"p1\">Forse partendo dal motto di Fabrizio junior :\u201c<i>Il bene dell&#8217;azienda \u00e8 il bene della famiglia<\/i>\u201d per arrivare a pensare che oggi, sia piuttosto il bene della famiglia a fare il bene dell&#8217;azienda.<\/p>\n<\/div>\n<\/div>\n<\/div>\n<\/div>\n<\/div>\n","protected":false},"excerpt":{"rendered":"AFFARI DI FAMIGLIA Gioved\u00ec 25 Maggio &#8211; ore 21:00TAVERNOLE SUL MELLAMuseo Il Forno \u2013 via Forno Fusorio,1ingresso 10 euro \u2013 ridotto 7 euro uno spettacolo di Antonella Questacon Antonella Questa e Ilaria Marchian\u00f2movimenti di scena Magali B. &#8211; Cie Madeleine&amp;Alfreddisegno luci Daniele Passeriassistenza tecnica Marco Oligeriorganizzazione generale Serena Sarbiauna produzione LaQ-Prodcol sostegno di Armunia Teatro [&hellip;]","protected":false},"author":2,"featured_media":0,"parent":0,"menu_order":0,"comment_status":"closed","ping_status":"closed","template":"","meta":{"footnotes":""},"_links":{"self":[{"href":"https:\/\/treatro.it\/index.php?rest_route=\/wp\/v2\/pages\/11692"}],"collection":[{"href":"https:\/\/treatro.it\/index.php?rest_route=\/wp\/v2\/pages"}],"about":[{"href":"https:\/\/treatro.it\/index.php?rest_route=\/wp\/v2\/types\/page"}],"author":[{"embeddable":true,"href":"https:\/\/treatro.it\/index.php?rest_route=\/wp\/v2\/users\/2"}],"replies":[{"embeddable":true,"href":"https:\/\/treatro.it\/index.php?rest_route=%2Fwp%2Fv2%2Fcomments&post=11692"}],"version-history":[{"count":3,"href":"https:\/\/treatro.it\/index.php?rest_route=\/wp\/v2\/pages\/11692\/revisions"}],"predecessor-version":[{"id":11745,"href":"https:\/\/treatro.it\/index.php?rest_route=\/wp\/v2\/pages\/11692\/revisions\/11745"}],"wp:attachment":[{"href":"https:\/\/treatro.it\/index.php?rest_route=%2Fwp%2Fv2%2Fmedia&parent=11692"}],"curies":[{"name":"wp","href":"https:\/\/api.w.org\/{rel}","templated":true}]}}