{"id":11689,"date":"2023-02-23T14:03:58","date_gmt":"2023-02-23T14:03:58","guid":{"rendered":"https:\/\/treatro.it\/?page_id=11689"},"modified":"2023-02-23T14:04:05","modified_gmt":"2023-02-23T14:04:05","slug":"sto-da-dio-2","status":"publish","type":"page","link":"https:\/\/treatro.it\/?page_id=11689","title":{"rendered":"Sto da dio"},"content":{"rendered":"<div class=\"mp-row-fluid motopress-row mpce-dsbl-margin-left mpce-dsbl-margin-right\">\n<div class=\"motopress-clmn mp-span12  mpce-dsbl-margin-left mpce-dsbl-margin-right\">\n<div class=\"mp-row-fluid motopress-row mpce-dsbl-margin-left mpce-dsbl-margin-right motopress-margin-top-50\">\n<div class=\"motopress-clmn mp-span12 mpce-dsbl-margin-left mpce-dsbl-margin-right\">\n<div class=\"motopress-text-obj\">\n<h2><span style=\"color: #ff0000; font-size: 48px;\">STO DA DIO<\/span><\/h2>\n<\/div>\n<\/div>\n<\/div>\n<div class=\"mp-row-fluid motopress-row mpce-dsbl-margin-left mpce-dsbl-margin-right\">\n<div class=\"motopress-clmn mp-span7 mpce-dsbl-margin-left mpce-dsbl-margin-right\">\n<div class=\"motopress-code-obj\">\n<p><strong>Venerd\u00ec 19 Maggio \u2013 ore 21:00<\/strong><br \/><span style=\"color: #ff0000;\">BOVEZZO<\/span><br \/>Auditorium parrocchiale \u2013 via Paolo VI, 4<br \/><strong>ingresso 10 euro \u2013 ridotto 7 euro<\/strong><\/p>\n<p>di e con <strong>Renata Ciaravino<\/strong><br \/>Responsabile tecnico | <strong>Mattia Grasso<\/strong><br \/>Produzione | <strong>Dionisi Prod. con RBSGROUP-Studio Internazionale di Architettura<\/strong><br \/><strong>E un ringraziamento speciale ad Alessandro Ross<\/strong>i<\/p>\n<\/div>\n<\/div>\n<div class=\"motopress-clmn mp-span5 mpce-dsbl-margin-left mpce-dsbl-margin-right\">\n<div class=\"motopress-code-obj\">\n<p><img decoding=\"async\" src=\"https:\/\/treatro.it\/wp-content\/uploads\/2023\/02\/sto-da-dio.jpg\" alt=\"\" \/><\/p>\n<\/div>\n<\/div>\n<\/div>\n<div class=\"mp-row-fluid motopress-row mpce-dsbl-margin-left mpce-dsbl-margin-right\">\n<div class=\"motopress-clmn mp-span12 mpce-dsbl-margin-left mpce-dsbl-margin-right\">\n<div class=\"motopress-button-obj motopress-text-align-left\"><a href=\"https:\/\/treatro.it\/wp-content\/uploads\/2023\/02\/LIBRETTO-proposte-2023.pdf\" target=\"_blank\" class=\"motopress-btn motopress-btn-rounded motopress-btn-color-red motopress-btn-size-middle\">Proposte 2023<\/a><\/div>\n<\/div>\n<\/div>\n<\/div>\n<\/div>\n<div class=\"mp-row-fluid motopress-row mpce-dsbl-margin-left mpce-dsbl-margin-right\">\n<div class=\"motopress-clmn mp-span12  mpce-dsbl-margin-left mpce-dsbl-margin-right  motopress-empty mp-hidden-phone\">\n<\/div>\n<\/div>\n<div class=\"mp-row-fluid motopress-row mpce-dsbl-margin-left mpce-dsbl-margin-right\">\n<div class=\"motopress-clmn mp-span12  mpce-dsbl-margin-left mpce-dsbl-margin-right\">\n<div class=\"mp-row-fluid motopress-row mpce-dsbl-margin-left mpce-dsbl-margin-right\">\n<div class=\"motopress-clmn mp-span12 mpce-dsbl-margin-left mpce-dsbl-margin-right\">\n<div class=\"motopress-code-obj\">\n<p class=\"p1\">Un giorno ho visto la foto di un lenzuolo appeso fuori al balcone di un palazzo.<\/p>\n<p class=\"p1\">Sopra c\u2019era scritto: STO DA DIO. Qualche tempo dopo, durante un lockdown pesante, davanti alla pattumiera del mio condominio ho incrociato la sig. Madau, 90 anni.<\/p>\n<p class=\"p1\">\u201cBuongiorno signora, come va?\u201d, le ho detto per cortesia pregustandomi: \u201cUno schifo.\u201d<\/p>\n<p class=\"p1\">\u201cSto da dio\u201d, risponde lei con un sorriso.<\/p>\n<p class=\"p1\">Crisi, cortocircuito, euforia, ammirazione.<\/p>\n<p class=\"p1\">Nel giro di pochi giorni volevo essere un lenzuolo appeso e una vecchia signora di 90 anni.<\/p>\n<p class=\"p1\">E io come sto, dopo questi due anni?<\/p>\n<p class=\"p1\">E voi come state?<\/p>\n<p class=\"p1\">Per capirlo ho scritto questa stand up e l\u2019ho chiamata \u201cSto da Dio\u201d. Un filo autoironica, ma anche un sincero augurio di pronta guarigione a tutte e tutti noi: da tutto quello che ci frena, ci fa rimandare, dalla dipendenza affettiva, dalla dipendenza del giudizio degli altri, dalla dipendenza da tutte quelle cose che neanche sappiamo nominare ma sappiamo che ci sono e ci rovinano la vita. Ma<\/p>\n<p class=\"p1\">una guarigione anomala, in cui non bisogna diventare niente, tantomeno perfetti.<\/p>\n<p class=\"p1\">Secondo uno studio, nel corso dell\u2019 emergenza sanitaria da Covid 19, il 14% degli intervistati ha dichiarato di aver iniziato ad assumere ansiolitici o sonniferi o antidepressivi e il 21% ha riportato sintomi ansiosi. Il 10% ha avuto almeno un attacco di panico e il 20% presentava sintomi di disturbo post-traumatico da stress, mentre il 28% ha lamentato sintomi ossessivo-compulsivi\u2026<\/p>\n<p class=\"p1\">Allora mi sono immaginata una clinica in cui potersi riunire con tutte le nostre nevrosi conclamate, tutti insieme appassionatamente, per dirci come veramente stanno le cose.<\/p>\n<p class=\"p1\">Risultato: sembra essere efficace (e anche divertente) svelarsi agli altri.<\/p>\n<p class=\"p1\"><b>RENATA CIARAVINO<\/b><\/p>\n<p class=\"p1\">Si diploma alla Scuola d\u2019Arte Drammatica \u201cPaolo Grassi\u201d in scrittura drammaturgica. Approfondisce gli studi nel laboratorio internazionale sull\u2019opera di Pier Paolo Pasolini al Th\u00e9\u00e2tre du Rond-Point di Parigi e a Le Centre des Arts Sc\u00e9niques di Bruxelles dove studia con Laura Betti, Stanislas Nordey, Michelle Kokosowski, Federico Tiezzi, Luca Ronconi. Scrive per il teatro, la televisione, la musica, la radio, e dal 2017 per il cinema e l\u2019opera lirica, collaborando tra gli altri<\/p>\n<p class=\"p1\">con: Serena Sinigaglia, Gianna Nannini, Elisabetta Pozzi, Arianna Scommegna, Franco Per\u00f2, Laura Curino, Veronica Cruciani, Francesco Micheli. E\u2019 inoltre fondatrice della Compagnia Dionisi. I suoi testi teatrali sono stati tradotti in francese, tedesco, turco, polacco, inglese, valenciano, slovacco e sloveno. Ha insegnato all\u2019Universit\u00e0 di Pristina in Kosovo. Da sempre affianca al suo lavoro come autrice quello di performer: Serate Bastarde, Eros-Polis, Bastard Show, Idiota.<\/p>\n<p class=\"p1\">\u201cSto da dio\u201d \u00e8 la sua prima Stand Up.<\/p>\n<\/div>\n<\/div>\n<\/div>\n<\/div>\n<\/div>\n<div class=\"mp-row-fluid motopress-row mpce-dsbl-margin-left mpce-dsbl-margin-right\">\n<div class=\"motopress-clmn mp-span12  mpce-dsbl-margin-left mpce-dsbl-margin-right\">\n<div class=\"motopress-button-obj motopress-text-align-left\"><a href=\"https:\/\/www.facebook.com\/compagnia.dionisi\/posts\/pfbid02ebG8G6D7vA9e6P5c1DzbvPPTnxEtvq93n2nDNUcE5xiPP3VtkeMvENKcLwXdqs1jl\" target=\"_blank\" class=\"motopress-btn motopress-btn-size-middle motopress-btn-rounded motopress-btn-icon-indent-small motopress-btn-color-red\">Scopri di pi\u00f9<\/a><\/div>\n<\/div>\n<\/div>\n","protected":false},"excerpt":{"rendered":"STO DA DIO Venerd\u00ec 19 Maggio \u2013 ore 21:00BOVEZZOAuditorium parrocchiale \u2013 via Paolo VI, 4ingresso 10 euro \u2013 ridotto 7 euro di e con Renata CiaravinoResponsabile tecnico | Mattia GrassoProduzione | Dionisi Prod. con RBSGROUP-Studio Internazionale di ArchitetturaE un ringraziamento speciale ad Alessandro Rossi Proposte 2023 Un giorno ho visto la foto di un lenzuolo [&hellip;]","protected":false},"author":2,"featured_media":0,"parent":0,"menu_order":0,"comment_status":"closed","ping_status":"closed","template":"","meta":{"footnotes":""},"_links":{"self":[{"href":"https:\/\/treatro.it\/index.php?rest_route=\/wp\/v2\/pages\/11689"}],"collection":[{"href":"https:\/\/treatro.it\/index.php?rest_route=\/wp\/v2\/pages"}],"about":[{"href":"https:\/\/treatro.it\/index.php?rest_route=\/wp\/v2\/types\/page"}],"author":[{"embeddable":true,"href":"https:\/\/treatro.it\/index.php?rest_route=\/wp\/v2\/users\/2"}],"replies":[{"embeddable":true,"href":"https:\/\/treatro.it\/index.php?rest_route=%2Fwp%2Fv2%2Fcomments&post=11689"}],"version-history":[{"count":1,"href":"https:\/\/treatro.it\/index.php?rest_route=\/wp\/v2\/pages\/11689\/revisions"}],"predecessor-version":[{"id":11690,"href":"https:\/\/treatro.it\/index.php?rest_route=\/wp\/v2\/pages\/11689\/revisions\/11690"}],"wp:attachment":[{"href":"https:\/\/treatro.it\/index.php?rest_route=%2Fwp%2Fv2%2Fmedia&parent=11689"}],"curies":[{"name":"wp","href":"https:\/\/api.w.org\/{rel}","templated":true}]}}