{"id":11680,"date":"2023-02-23T13:29:33","date_gmt":"2023-02-23T13:29:33","guid":{"rendered":"https:\/\/treatro.it\/?page_id=11680"},"modified":"2023-02-23T14:04:23","modified_gmt":"2023-02-23T14:04:23","slug":"aspettiamo-senza-avere-paura-domani","status":"publish","type":"page","link":"https:\/\/treatro.it\/?page_id=11680","title":{"rendered":"Aspettiamo senza avere paura, domani"},"content":{"rendered":"<div class=\"mp-row-fluid motopress-row mpce-dsbl-margin-left mpce-dsbl-margin-right\">\n<div class=\"motopress-clmn mp-span12  mpce-dsbl-margin-left mpce-dsbl-margin-right\">\n<div class=\"mp-row-fluid motopress-row mpce-dsbl-margin-left mpce-dsbl-margin-right motopress-margin-top-50\">\n<div class=\"motopress-clmn mp-span12 mpce-dsbl-margin-left mpce-dsbl-margin-right\">\n<div class=\"motopress-text-obj\">\n<h2><span style=\"color: #ff0000; font-size: 48px;\">Aspettiamo senza avere paura, domani<\/span><\/h2>\n<h5><span style=\"color: #ff0000; font-size: 30px;\">Canzoni e disquisizioni su Lucio D.<\/span><\/h5>\n<\/div>\n<\/div>\n<\/div>\n<div class=\"mp-row-fluid motopress-row mpce-dsbl-margin-left mpce-dsbl-margin-right\">\n<div class=\"motopress-clmn mp-span7 mpce-dsbl-margin-left mpce-dsbl-margin-right\">\n<div class=\"motopress-code-obj\">\n<p><strong>Sabato 13 maggio \u2013 ore 21: 00<\/strong><br \/><span style=\"color: #ff0000;\">SAREZZO<\/span><br \/>teatro San Faustino \u2013 via IV Novembre<br \/><strong>ingresso 10 euro \u2013 7 ridotto<\/strong><\/p>\n<p>di e con <strong>Sas\u00e0 Calabrese, Dario De Luca, Daniele Moraca<\/strong><br \/>produzione <strong>Scena Verticale<\/strong><\/p>\n<\/div>\n<\/div>\n<div class=\"motopress-clmn mp-span5 mpce-dsbl-margin-left mpce-dsbl-margin-right\">\n<div class=\"motopress-code-obj\">\n<p><img decoding=\"async\" src=\"https:\/\/treatro.it\/wp-content\/uploads\/2023\/02\/aspettiamo-senza.jpg\" alt=\"\" \/><\/p>\n<\/div>\n<\/div>\n<\/div>\n<div class=\"mp-row-fluid motopress-row mpce-dsbl-margin-left mpce-dsbl-margin-right\">\n<div class=\"motopress-clmn mp-span12 mpce-dsbl-margin-left mpce-dsbl-margin-right\">\n<div class=\"motopress-button-obj motopress-text-align-left\"><a href=\"https:\/\/treatro.it\/wp-content\/uploads\/2023\/02\/LIBRETTO-proposte-2023.pdf\" target=\"_blank\" class=\"motopress-btn motopress-btn-rounded motopress-btn-color-red motopress-btn-size-middle\">Proposte 2023<\/a><\/div>\n<\/div>\n<\/div>\n<\/div>\n<\/div>\n<div class=\"mp-row-fluid motopress-row mpce-dsbl-margin-left mpce-dsbl-margin-right\">\n<div class=\"motopress-clmn mp-span12  mpce-dsbl-margin-left mpce-dsbl-margin-right  motopress-empty mp-hidden-phone\">\n<\/div>\n<\/div>\n<div class=\"mp-row-fluid motopress-row mpce-dsbl-margin-left mpce-dsbl-margin-right\">\n<div class=\"motopress-clmn mp-span12  mpce-dsbl-margin-left mpce-dsbl-margin-right\">\n<div class=\"mp-row-fluid motopress-row mpce-dsbl-margin-left mpce-dsbl-margin-right\">\n<div class=\"motopress-clmn mp-span12 mpce-dsbl-margin-left mpce-dsbl-margin-right\">\n<div class=\"motopress-code-obj\">\n<p class=\"p1\">Lucio Dalla aveva dita troppo corte per suonare il piano, non conosceva abbastanza la musica per comporre, aveva un fisico lontano da ogni canone, aveva collezionato insuccessi discografici,non aveva una cultura da intellettuale. Eppure \u00e8 diventato uno dei pi\u00f9 grandi cantautori della storia della musica italiana ed \u00e8 stato cos\u00ec importante anche perch\u00e9 \u00e8 stato l\u2019artista che, insieme a Roberto Vecchioni, ha riflettuto di pi\u00f9 sulla \u201cforma canzone\u201d e sulla sua funzione semiotica e comunicativa.<\/p>\n<p class=\"p1\">Un ruolo fondamentale in questo percorso per Lucio lo hanno giocatole sue grandi amicizie intellettuali, in particolare con artisti e intellettuali quali Roberto Roversi, Francesco De Gregori, Dario Fo.<\/p>\n<p class=\"p1\"><b>In una sua intervista al Corriere della Sera nel 2002, Lucio diceva:<span class=\"Apple-converted-space\">\u00a0<\/span><\/b><\/p>\n<p class=\"p4\"><b><i>\u201cTutti i testi delle mie canzoni sono sempre piccoli racconti, ipotesi di sceneggiature\u201d.<\/i><\/b><\/p>\n<p class=\"p4\">Da qui nasce l\u2019idea di unire la forma canzone con la parola, con l\u2019arte diteatralizzarla, cercando di creare uno spettacolo dove le canzoni delgenio bolognese arrivino sotto forma di racconto, un racconto orizzontale,come se fosse un film, come se fossero storie cucite a mano dalla musica.<span class=\"Apple-converted-space\">\u00a0<\/span><\/p>\n<p class=\"p4\">Canzoni, dunque, cantate e recitate, riflessioni sulla musica, aneddoti sulla vita artistica di Lucio, artista unico e imparagonabile, e di tanti colleghi che formano il frastagliato arcipelago della canzone d\u2019autore italiana, si dipaneranno nello spettacolo in un clima di leggerezza e di ronia, in cui non mancher\u00e0 il coinvolgimento del pubblico.<\/p>\n<p class=\"p4\">Questo spettacolo \u00e8 stato ideato e scritto durante i mesi della pandemia,per esorcizzare la paura, per sentirci uniti anche a distanza.<span class=\"Apple-converted-space\">\u00a0<\/span><\/p>\n<p class=\"p4\">Probabilmente anche il titolo stesso fa da didascalia al pensiero che i tre artisti hanno cercato di trasmettere.<\/p>\n<p class=\"p4\"><b><i>Sas\u00e0 Calabrese<\/i><\/b><\/p>\n<p class=\"p4\">Cantante e autore, musicista, poli-strumentista. Essenzialmente autodidatta, ha progressivamente integrato la crescita teorica e strumentale venendo a contatto con molteplici figure di rilievo del mondo jazzistico, partecipando avari stage, seminari e master class.Ha suonato e collaborato con Marco Tamburini, Joe<span class=\"Apple-converted-space\">\u00a0 <\/span>Amoruso, GIgiCifarelli, Cristal White, Max Ionata,Dan Kinzelman, Eric Daniel, MikeApplebaum , Luca Aquino, Joe Barbieri, Geg\u00e8 Telesforo, Beverly Lewis<span class=\"Apple-converted-space\">\u00a0<\/span><\/p>\n<p class=\"p4\">Geoff Westley e tanti altri.<span class=\"Apple-converted-space\">\u00a0<\/span><\/p>\n<p class=\"p4\">Nel 2007 incide il con gli SMAF QUARTET \u201cPoesie di carta\u201d per la Picanto Records distribuito EGEA . Per la stessa etichetta incide con il progetto M\u00c0S EN TANGO (2012),In Milonga (2014), Alfredo Biondo Sextet (2015), Conserve (2018). Collaborazioni nelpop con Federico Zampaglione [Tiromancino], Linda Valori, Jenny B, Simona Bencini,Mario Venuti, Rossana Casale, Pierdavide Carone, Enrico Ruggeri, Fausto Mesolella, Amedeo Minghi, Roy Paci ed altri. Suona stabilmente nella formazione della famosa cantautrice Mariella Nava.<span class=\"Apple-converted-space\">\u00a0<\/span><\/p>\n<p class=\"p4\">Collabora attualmente con Anna Mazzamauro, suonando ed arrangiando insieme con i M\u00c0S EN TANGO le musiche composte da Amedeo Minghi. Per Anna Mazzamauro scrive le musiche originali per la sue commedie Divina e per Belvedere.<span class=\"Apple-converted-space\">\u00a0<\/span><\/p>\n<p class=\"p4\">Vincitore del PREMIO MARCO TAMBURINI 2016 | Finalista Premio Fabrizio De Andr\u00e82017| Sezione Calabria | Vincitore del PREMIO NAZIONALE MUSICA D\u2019AUTORE<span class=\"Apple-converted-space\">\u00a0 <\/span>Bitonto Suite 2019 |Finalista TARGA TENCO 2019| Sezione Opera Prima<\/p>\n<p class=\"p4\"><b><i>Daniele Moraca<\/i><\/b><\/p>\n<p class=\"p4\">Musicista e cantautore di lungo corso,docente e ricercatore. Nell\u2019antica tradizione dei cantastorie, deitrovatori e dei pi\u00f9 moderni cantautori,le sue canzoni raccontano delleemozioni e delle tensioni cheaccompagnano il viaggio di un uomo.Autore del disco \u201cL\u2019Aquila e lanuvola\u201d. Laureato al Dams, con unatesi dal titolo &#8220;Antropologia e poeticanella canzone d\u2019autore italiana: ilviaggio interrotto di Rino Gaetano&#8221;.Ha tenuto un corso presso l\u2019universit\u00e0della Calabria per l\u2019insegnamentosulle poetiche della canzone d\u2019autoreitaliana.<span class=\"Apple-converted-space\">\u00a0<\/span><\/p>\n<p class=\"p4\"><b>Moraca<\/b> promuove la canzone italiana d\u2019autore all\u2019estero, attraverso lezioni-concertoe l&#8217;interpretazione dei suoi testi nella lingua nazionale dei paesi in cui lo stessocantautore si esibisce. Negli ultimi anni, ispirato da una forte passione per la musicadi contaminazione e le arti performative e visive, ha arricchito la sua attivit\u00e0 con nuovielementi creativi quali il teatro, la danza e la pittura a rappresentare un mondo dovela musica d\u00e0 origine ad una nuova estetica espressiva capace di influenzare ilpatrimonio culturale e simbolico con cui si identifica il pubblico italiano all\u2019estero. Lamusica di Moraca racchiude un vasto repertorio di brani ricchi di poesia, intrisi disentimento, ma anche accorti alle tematiche sociali e di attualit\u00e0. Un genere caldo emediterraneo dove testi, voce e chitarra portano con s\u00e9 storie di vita vissuta,cronache e leggende, trasformando le sue narrazioni in patrimonio comune.<span class=\"Apple-converted-space\">\u00a0<\/span><\/p>\n<p class=\"p4\">L\u2019interesse per la canzone d\u2019autore spinge Moraca all\u2019analisi dei canti poetici musicalidal punto di vista antropologico. La sua attivit\u00e0 musicale inizia negli anni ottanta efino ad oggi il suo percorso artistico lo ha caratterizzato per l\u2019impegno e per lapassione della popular music. Ha partecipato a vari seminari\/concerti in campomusico\/antropologico all&#8217;estero: \u201cLa canzone d\u2019autore italiana\u201d &#8211; ULB Universit\u00e0(Bruxelles). \u201cEurope Day\u201d &#8211; Concerto al Teatro Coloseum Club (Sarajevo). \u201cIl viaggiodel cantastorie\u201d &#8211; University of British Columbia (Vancouver). \u201cThe eagle and thecloud\u201d &#8211; Lezione concerto in Torshvn (Faroe Island). \u201cPopular music\u201d:FARE\/ASCOLTARE\/INSEGNARE \u2013Universit\u00e0 della Calabria (Cosenza).<span class=\"Apple-converted-space\">\u00a0<\/span><\/p>\n<p class=\"p6\"><b><i>Dario De Luca<\/i><\/b><\/p>\n<p class=\"p7\"><span class=\"Apple-converted-space\">\u00a0<\/span>Regista, autore e attore nel 1992 fonda con Saverio La Ruina la compagnia Scena Verticale e dirige dal 1999Primavera dei Teatri, festival sui nuovi linguaggi della scena contemporanea. Dal 2013 al 2018 \u00e8 titolare con la compagnia della residenza Progetto More al teatro Morelli di Cosenza. La Stanza della memoria (La Mongolfiera, 1998),scritto con Saverio La Ruina, \u00e8 segnalato al Premio Nazionale<span class=\"Apple-converted-space\">\u00a0 <\/span>Teatrale Citt\u00e0 di Reggio Calabria\u201896. Il suo U Tingiutu. un Aiace di Calabria (Abramo Editore, 2010) \u00e8 finalista al Premio Riccione per il Teatro <span class=\"s3\">2009<\/span><\/p>\n<p class=\"p7\">Sempre col Tingiutu, nel 2011 vince il Premio Antonio Landieri \u2013 Teatro di Impegno CivileIII edizione come migliore attore. Nel 2012 Morir s\u00ec giovane e in andropausa, di cui \u00e8 regista co- autore e attore protagonista, vince il Premio Romarip Arte. Nel 2017 Il vangelo secondo Antonio (La Mongolfiera, 2018) vince il Premio per la migliore regia al Premioper il Teatro e la Drammaturgia Tragos \u2013 Ernesto Calindri XIII edizione (testo segnalato al Premio Fersen alla Drammaturgia 2017 &#8211; XIII edizione). Del 2018 \u00e8 Lo psicopompo(Edizioni Erranti \u2013 La scena di Ildegarda, 2020) da lui scritto, diretto e interpretato,Premio Sipario Centro Attori in categoria \u201cdue personaggi\u201d e Premio Ubu 2019 per il\u201cMiglior Progetto Sonoro\u201d (assegnato a Hubert Westkemper), spettacolo che ha ricevuto anche una candidatura nella categoria \u201cMiglior Attrice\u201d a Milvia<span class=\"Apple-converted-space\">\u00a0 <\/span>Marigliano. Tra i suoi lavori de-viados (1998), Hardore di Otello (2000), Kitsch Hamlet (2004), Il diario di Adamo ed Eva (2018), Re Pipuzzu fattu a manu (2019).<span class=\"Apple-converted-space\">\u00a0<\/span><\/p>\n<p class=\"p7\">Nel 2012 \u00e8 fondatore e frontman della Omissis Mini Orchestra (Premio Musica contro le mafie 2012 con Il male minore).<\/p>\n<\/div>\n<\/div>\n<\/div>\n<\/div>\n<\/div>\n<div class=\"mp-row-fluid motopress-row mpce-dsbl-margin-left mpce-dsbl-margin-right\">\n<div class=\"motopress-clmn mp-span12  mpce-dsbl-margin-left mpce-dsbl-margin-right\">\n<div class=\"motopress-button-obj motopress-text-align-left\"><a href=\"https:\/\/treatro.it\/wp-content\/uploads\/2023\/02\/Aspettiamo-senza-avere-paura-domani_Scena-Verticale.pdf\" target=\"_blank\" class=\"motopress-btn motopress-btn-size-middle motopress-btn-rounded motopress-btn-icon-indent-small motopress-btn-color-red\">Scarica il pdf<\/a><\/div>\n<\/div>\n<\/div>\n","protected":false},"excerpt":{"rendered":"Aspettiamo senza avere paura, domani Canzoni e disquisizioni su Lucio D. Sabato 13 maggio \u2013 ore 21: 00SAREZZOteatro San Faustino \u2013 via IV Novembreingresso 10 euro \u2013 7 ridotto di e con Sas\u00e0 Calabrese, Dario De Luca, Daniele Moracaproduzione Scena Verticale Proposte 2023 Lucio Dalla aveva dita troppo corte per suonare il piano, non conosceva [&hellip;]","protected":false},"author":2,"featured_media":0,"parent":0,"menu_order":0,"comment_status":"closed","ping_status":"closed","template":"","meta":{"footnotes":""},"_links":{"self":[{"href":"https:\/\/treatro.it\/index.php?rest_route=\/wp\/v2\/pages\/11680"}],"collection":[{"href":"https:\/\/treatro.it\/index.php?rest_route=\/wp\/v2\/pages"}],"about":[{"href":"https:\/\/treatro.it\/index.php?rest_route=\/wp\/v2\/types\/page"}],"author":[{"embeddable":true,"href":"https:\/\/treatro.it\/index.php?rest_route=\/wp\/v2\/users\/2"}],"replies":[{"embeddable":true,"href":"https:\/\/treatro.it\/index.php?rest_route=%2Fwp%2Fv2%2Fcomments&post=11680"}],"version-history":[{"count":4,"href":"https:\/\/treatro.it\/index.php?rest_route=\/wp\/v2\/pages\/11680\/revisions"}],"predecessor-version":[{"id":11691,"href":"https:\/\/treatro.it\/index.php?rest_route=\/wp\/v2\/pages\/11680\/revisions\/11691"}],"wp:attachment":[{"href":"https:\/\/treatro.it\/index.php?rest_route=%2Fwp%2Fv2%2Fmedia&parent=11680"}],"curies":[{"name":"wp","href":"https:\/\/api.w.org\/{rel}","templated":true}]}}