{"id":11660,"date":"2023-02-22T13:38:44","date_gmt":"2023-02-22T13:38:44","guid":{"rendered":"https:\/\/treatro.it\/?page_id=11660"},"modified":"2023-02-22T13:54:03","modified_gmt":"2023-02-22T13:54:03","slug":"via-del-popolo-2","status":"publish","type":"page","link":"https:\/\/treatro.it\/?page_id=11660","title":{"rendered":"Via del Popolo"},"content":{"rendered":"<div class=\"mp-row-fluid motopress-row mpce-dsbl-margin-left mpce-dsbl-margin-right\">\n<div class=\"motopress-clmn mp-span12  mpce-dsbl-margin-left mpce-dsbl-margin-right\">\n<div class=\"mp-row-fluid motopress-row mpce-dsbl-margin-left mpce-dsbl-margin-right motopress-margin-top-50\">\n<div class=\"motopress-clmn mp-span12 mpce-dsbl-margin-left mpce-dsbl-margin-right\">\n<div class=\"motopress-text-obj\">\n<h2><span style=\"color: #ff0000; font-size: 48px;\">VIA DEL POPOLO<\/span><\/h2>\n<\/div>\n<\/div>\n<\/div>\n<div class=\"mp-row-fluid motopress-row mpce-dsbl-margin-left mpce-dsbl-margin-right\">\n<div class=\"motopress-clmn mp-span7 mpce-dsbl-margin-left mpce-dsbl-margin-right\">\n<div class=\"motopress-code-obj\">\n<p><strong>Gioved\u00ec 27 Aprile &#8211; ore 21:00<\/strong><br \/><span style=\"color: #ff0000;\">LUMEZZANE<\/span><br \/>Teatro Odeon \u2013 via Marconi, 5<br \/><strong>ingresso 10 euro \u2013 ridotto 7 euro<\/strong><\/p>\n<p>Di e con <strong>Saverio La Ruina<\/strong><br \/>Disegno luci <strong>Dario De Luca<\/strong><br \/>Collaborazione alla regia <strong>Cecilia Foti<\/strong><br \/>Audio Luci <strong>Mario Giordano<\/strong><br \/>Allestimento <strong>Giovanni Spina<\/strong><br \/>Dipinto <strong>Riccardo De Leo<\/strong><br \/>Amministrazione <strong>Tiziana Covello<\/strong><br \/>Organizzazione generale <strong>Settimio Pisano<\/strong><\/p>\n<\/div>\n<\/div>\n<div class=\"motopress-clmn mp-span5 mpce-dsbl-margin-left mpce-dsbl-margin-right\">\n<div class=\"motopress-code-obj\">\n<p><img decoding=\"async\" src=\"https:\/\/treatro.it\/wp-content\/uploads\/2023\/02\/via-del-popolo.jpg\" alt=\"\" \/><\/p>\n<\/div>\n<\/div>\n<\/div>\n<div class=\"mp-row-fluid motopress-row mpce-dsbl-margin-left mpce-dsbl-margin-right\">\n<div class=\"motopress-clmn mp-span12 mpce-dsbl-margin-left mpce-dsbl-margin-right\">\n<div class=\"motopress-button-obj motopress-text-align-left\"><a href=\"https:\/\/treatro.it\/wp-content\/uploads\/2023\/02\/LIBRETTO-proposte-2023.pdf\" target=\"_blank\" class=\"motopress-btn motopress-btn-rounded motopress-btn-color-red motopress-btn-size-middle\">Proposte 2023<\/a><\/div>\n<\/div>\n<\/div>\n<\/div>\n<\/div>\n<div class=\"mp-row-fluid motopress-row mpce-dsbl-margin-left mpce-dsbl-margin-right\">\n<div class=\"motopress-clmn mp-span12  mpce-dsbl-margin-left mpce-dsbl-margin-right  motopress-empty mp-hidden-phone\">\n<\/div>\n<\/div>\n<div class=\"mp-row-fluid motopress-row mpce-dsbl-margin-left mpce-dsbl-margin-right\">\n<div class=\"motopress-clmn mp-span12  mpce-dsbl-margin-left mpce-dsbl-margin-right\">\n<div class=\"mp-row-fluid motopress-row mpce-dsbl-margin-left mpce-dsbl-margin-right\">\n<div class=\"motopress-clmn mp-span12 mpce-dsbl-margin-left mpce-dsbl-margin-right\">\n<div class=\"motopress-code-obj\">\n<p><strong>Via del Popolo<\/strong>, un tratto di strada di una cittadina del Sud che un tempo brulicava di attivit\u00e0: due bar, tre negozi di generi alimentari, un fabbro, un falegname, un ristorante, un cinema&#8230; Due uomini percorrono via del Popolo, un uomo del presente e un uomo del passato. Il primo impiega 2 minuti per percorrere 200 metri, il secondo 30 minuti. \u00c8 la piccola citt\u00e0 italiana a essere cambiata, \u00e8 la societ\u00e0 globalizzata. Ai negozi sono subentrati i centri commerciali e la fine della vendita al dettaglio ha portato via posti di lavoro, distruggendo un modello sociale ancora basato sulle relazioni personali.<\/p>\n<p>A cu appart\u00e8nisi, chiedevano i vecchi paesani, a chi appartieni? E dalla tua risposta ricavavano le informazioni essenziali sulla tua identit\u00e0. Via del Popolo \u00e8 il racconto di un\u2019appartenenza a un luogo, a una famiglia, a una comunit\u00e0. Ma quei duecento metri rappresentano anche un percorso di formazione in cui sono gettate le basi della vita futura, dal quale emergono un\u2019umanit\u00e0 struggente, il rapporto coi padri, l\u2019iniziazione alla vita, alla politica, all\u2019amore. E non solo, Via del Popolo \u00e8 anche una riflessione sul tempo, il tempo che corre ma che non dobbiamo rincorrere, piuttosto trascorrere.<\/p>\n<\/div>\n<\/div>\n<\/div>\n<\/div>\n<\/div>\n<div class=\"mp-row-fluid motopress-row mpce-dsbl-margin-left mpce-dsbl-margin-right\">\n<div class=\"motopress-clmn mp-span12  mpce-dsbl-margin-left mpce-dsbl-margin-right\">\n<div class=\"motopress-button-obj motopress-text-align-left\"><a href=\"https:\/\/www.youtube.com\/watch?v=as1IzmrDXUo\" target=\"_blank\" class=\"motopress-btn motopress-btn-size-middle motopress-btn-rounded motopress-btn-icon-indent-small motopress-btn-color-red\">Scopri di pi\u00f9<\/a><\/div>\n<\/div>\n<\/div>\n<div class=\"mp-row-fluid motopress-row mpce-dsbl-margin-left mpce-dsbl-margin-right\">\n<div class=\"motopress-clmn mp-span12  mpce-dsbl-margin-left mpce-dsbl-margin-right\">\n<div class=\"mp-row-fluid motopress-row mpce-dsbl-margin-left mpce-dsbl-margin-right\">\n<div class=\"motopress-clmn mp-span12 mpce-dsbl-margin-left mpce-dsbl-margin-right  motopress-space\">\n<div class=\"motopress-space-obj mpce-dsbl-background-image-type mpce-dsbl-background-image mpce-dsbl-background-gradient mpce-dsbl-background-position mpce-dsbl-background-position-x mpce-dsbl-background-position-y mpce-dsbl-background-repeat mpce-dsbl-background-size mpce-dsbl-background-attachment mpce-dsbl-margin-left mpce-dsbl-margin-right mpce-dsbl-background-color mpce-dsbl-border-top-width mpce-dsbl-border-bottom-width mpce-dsbl-border-left-width mpce-dsbl-border-right-width mpce-dsbl-border-top-left-radius mpce-dsbl-border-top-right-radius mpce-dsbl-border-bottom-left-radius mpce-dsbl-border-bottom-right-radius mpce-dsbl-border-style mpce-dsbl-border-color mpce-dsbl-padding-left mpce-dsbl-padding-right mpce-dsbl-margin-top mpce-dsbl-margin-bottom mpce-dsbl-color\"  style=\"min-height: 101px;\" data-min-height=\"101\"><div><\/div><\/div>\n<\/div>\n<\/div>\n<div class=\"mp-row-fluid motopress-row mpce-dsbl-margin-left mpce-dsbl-margin-right\">\n<div class=\"motopress-clmn mp-span12 mpce-dsbl-margin-left mpce-dsbl-margin-right\">\n<div class=\"motopress-code-obj\">\n<p class=\"p1\"><span class=\"s1\">HANNO DETTO<\/span><\/p>\n<p class=\"p1\"><span class=\"s1\"><b>Controscena.net \u2013 Enrico Fiore \u2013 08\/12\/2022<\/b><\/span><\/p>\n<p class=\"p1\"><span class=\"s1\">[\u2026] la caratteristica pregnante e il pregio straordinario di \u00abVia del Popolo\u00bb stanno [\u2026] nella trasformazione dell\u2019\u00abaltrove\u00bb nel qui. [\u2026] \u00abVia del Popolo\u00bb mette in moto un\u2019inarrestabile (e ad un tempo virtuosistica e commovente) girandola di slittamenti e dislocamenti di senso [\u2026]<\/span><\/p>\n<p class=\"p1\"><span class=\"s1\"><b>Milanoteatri.it \u2013 Danilo Carav\u00e0 \u2013 08\/12\/2022<\/b><\/span><\/p>\n<p class=\"p1\"><span class=\"s1\">[\u2026] La Ruina ti prende un singolo istante, pi\u00f9 sottile di un granello di sabbia, e te lo fa vedere, anzi, meglio ancora: te lo fa sentire [\u2026] Appare, agli spettatori, un diamante purissimo, una luce esistenziale svelata, come il pi\u00f9 prezioso dono. [\u2026] di una dolcezza struggente [\u2026]<\/span><\/p>\n<p class=\"p1\"><span class=\"s1\"><b>Bebeez.it \u2013 Mario Cervio Gualersi \u2013 08\/12\/2022<\/b><\/span><\/p>\n<p class=\"p1\"><span class=\"s1\">[\u2026] esilarante <i>Spoon River <\/i>[\u2026] Figure legate da un impalpabile velo di poesia [\u2026] Saverio La Ruina nella sua vena pi\u00f9 felice, alle prese con il materiale umano che gli \u00e8 pi\u00f9 congeniale e che sa affabulare con maestria.<\/span><\/p>\n<p class=\"p1\"><span class=\"s1\"><b>Sipario.it \u2013 Gigi Giacobbe \u2013 22\/12\/2022<\/b><\/span><\/p>\n<p class=\"p1\"><span class=\"s1\">[\u2026] una pi\u00e8ce teatrale autobiografica, interpretata e diretta magnificamente [\u2026] applauditissimo.\u00a0<\/span><\/p>\n<p class=\"p1\"><span class=\"s1\"><b>Gazzettadelsud.it \u2013 Vincenzo Bonaventura \u2013 13\/12\/2022<\/b><\/span><\/p>\n<p class=\"p1\"><span class=\"s1\">Saverio La Ruina, entertainer della parola che si fa teatro di narrazione, lo percorre con sicurezza, consapevole spavalderia e capacit\u00e0 magistrale.<\/span><\/p>\n<p class=\"p1\"><span class=\"s1\"><b>Recensito.net \u2013 Tommaso Chimenti \u2013 23\/12\/2022<\/b><\/span><\/p>\n<p class=\"p1\"><span class=\"s1\">Una strada come pretesto per raccontare una citt\u00e0, e una societ\u00e0 e una socialit\u00e0 [\u2026] una <b>autobiografia<\/b> tenace e robusta ma al tempo stesso commovente e toccante [\u2026] E\u2019 un quadro, un affresco dipinto con i colori tenui dell\u2019anima [\u2026] Brividi sparsi.<\/span><\/p>\n<p class=\"p1\"><span class=\"s1\"><b>Persinsala.it <\/b>\u2013 <b>Lorena Martufi \u2013 05.01.2023<\/b><\/span><\/p>\n<p class=\"p1\"><span class=\"s1\">[\u2026] testo bellissimo e ardimentoso, squisitamente letterario e sorprendentemente ironico<span class=\"Apple-converted-space\">\u00a0 <\/span>\u2026] meravigliosa cifra stilistica [\u2026] Protagonista \u00e8 il tempo, interrogato attraverso gli occhi del padre, immagine potente e fragile, piena di poesia [\u2026]<\/span><\/p>\n<p class=\"p2\">SCENA VERTICALE FIRMA IL NUOVO SPETTACOLO ARRIVATO A MESSINA PER LA RASSEGNA EPIC \u2013 ESPERIENZE PERFORMATIVE DI IMPEGNO CIVILE<\/p>\n<p class=\"p2\">Il passo \u00e8 rilassato, elegante, per non disturbare troppo la quiete di un piccolo cimitero, caratterizzato da alcuni lumini sparsi qui e l\u00e0.<\/p>\n<p class=\"p2\">Parola dopo parola, la memoria del passato viene vivificata grazie a gesti, suoni, frasi a comporre ricordi di un tempo rimasto indelebilmente scolpito nel cuore e nella mente.<\/p>\n<p class=\"p2\">Ruota attorno al concetto di tempo \u2013 esplicitato anche dalla scena, dove campeggia un orologio da taschino che scivola molle sulla superficie su cui \u00e8 adagiato, forse ispirandosi nelle forme al dipinto \u201cLa persistenza della memoria\u201d di Dal\u00ec, rielaborato da Riccardo De Leo \u2013 \u201cVia del Popolo\u201d, il nuovo lavoro scritto, diretto e interpretato da Saverio La Ruina, che torna alla forma monologante di cui padroneggia stilemi e tecniche, con leggerezza e ironia, delicatezza e garbo. E torna alla sua terra, il monte Pollino, a met\u00e0 fra il mare dello Ionio e del Tirreno, da cui la famiglia si mosse per raggiungere poi Castrovillari, provincia di Cosenza, casa e dimora anche della compagnia Scena Verticale a cui La Ruina, insieme a Dario De Luca \u2013 che dello spettacolo cura il disegno luci \u2013 e Settimio Pisano ha dato vita ormai 30 anni fa.<\/p>\n<p class=\"p2\">Ma la storia che La Ruina racconta e compone sulla scena con maestria e rigore va ancora pi\u00f9 indietro nel tempo, da recuperare, da custodire con prezioso riguardo: \u00e8 un viaggio dagli anni \u201860 ai nostri giorni. La via del Popolo, di cui La Ruina tratteggia storie e volti, quasi fossero i protagonisti di una laica Via Crucis del ricordo, \u00e8 un tratto di strada che, come molti, un tempo brulicava di attivit\u00e0: due bar, tre negozi di generi alimentari, un fabbro, un falegname, un ristorante, un cinema\u2026 luoghi oggi inghiottiti dal tempo, trasformati in altro oppure desolatamente chiusi. Ma basta poco per ri-vedere le vicende del passato, ricordarne le storie, le persone, rievocate con dovizia di particolari, leggerezza, ironia e un pizzico di nostalgia da La Ruina che, alla sua, alterna altre voci e altre vite sulla scena, come un mosaico dai mille colori.<\/p>\n<p class=\"p2\">Due uomini percorrono quella via del Popolo, un uomo del presente e un uomo del passato. Il primo impiega due minuti per percorrere 200 metri, il secondo 30 minuti. Ed \u00e8 in quel lasso di tempo che si consuma e vivifica il ricordo: lacerti di storie emergono dalle parole di La Ruina che, come di consueto, accompagna la narrazione con gesti delle mani quasi a disegnarli nell\u2019aria i protagonisti evocati dalla parola, come ad accarezzarli nel percorso della vita fatta insieme.<\/p>\n<p class=\"p2\">Un racconto s\u00ec autobiografico, quello imbastito con una narrazione leggera e poetica, densa e ricca di sfumature, dal quale emergono, attraverso flash back prima i genitori, poi gli abitanti di quella Castrovillari che accoglie la famiglia La Ruina. Ma anche una porta verso il passato, l\u2019occasione preziosa per osservarne cambiamenti e direzioni. E il fulcro della narrazione \u00e8 quella via del Popolo crocevia di storie e di vite: ci sono il bar Rio dei La Ruina, il padre Vincenzo e lo zio Nicola, avamposto di libert\u00e0 e di voglia di trasformazione, dove Saverio ha iniziato a lavorare, le botteghe di generi alimentari, le officine artigianali di fabbri e falegnami, la merceria, il frequentato Cinema Astor col suo proiezionista Giannino, che hanno colorato la vita della strada, sulle note delle canzoni di quegli anni, dai Beatles ai New Trolls.<\/p>\n<p class=\"p2\">Ricordi e aneddoti a volte troppo affollati nella narrazione, ma che toccano momenti di grande poesia e condivisione: dal centro alla periferia, Castrovillari diventa epicentro di quelle lotte che negli anni \u201960 hanno animato generazioni di giovani, manifestazioni, incontri, occasioni per sperimentare. E a fare da fil rouge al racconto la famiglia, quei genitori tanto preziosi nell\u2019esempio di vita, le cui vicende e in particolare quelle del padre, puntellano la narrazione.<\/p>\n<p class=\"p2\">Uno spettacolo intimo, come lo sono i ricordi, impreziosito da una lingua densa, che all\u2019italiano mescola quel dialetto capace di conferire intimit\u00e0 e immediatezza al racconto e che trova la sua perfetta collocazione in spazi raccolti, come fossero cortili in cui radunare amici e conoscenti per dare vita al racconto, cos\u00ec come \u00e8 stato per la replica ospitata dal Teatro dei 3 Mestieri di Messina, nell\u2019ambito della interessante rassegna EPIC (Esperienze Performative di Impegno Civile), progetto di promozione del teatro nelle periferie realizzato a Messina da Mana Chuma Teatro in partenariato con Rete Latitudini e Teatro dei 3 Mestieri.<\/p>\n<\/div>\n<\/div>\n<\/div>\n<\/div>\n<\/div>\n","protected":false},"excerpt":{"rendered":"VIA DEL POPOLO Gioved\u00ec 27 Aprile &#8211; ore 21:00LUMEZZANETeatro Odeon \u2013 via Marconi, 5ingresso 10 euro \u2013 ridotto 7 euro Di e con Saverio La RuinaDisegno luci Dario De LucaCollaborazione alla regia Cecilia FotiAudio Luci Mario GiordanoAllestimento Giovanni SpinaDipinto Riccardo De LeoAmministrazione Tiziana CovelloOrganizzazione generale Settimio Pisano Proposte 2023 Via del Popolo, un tratto di [&hellip;]","protected":false},"author":2,"featured_media":0,"parent":0,"menu_order":0,"comment_status":"closed","ping_status":"closed","template":"","meta":{"footnotes":""},"_links":{"self":[{"href":"https:\/\/treatro.it\/index.php?rest_route=\/wp\/v2\/pages\/11660"}],"collection":[{"href":"https:\/\/treatro.it\/index.php?rest_route=\/wp\/v2\/pages"}],"about":[{"href":"https:\/\/treatro.it\/index.php?rest_route=\/wp\/v2\/types\/page"}],"author":[{"embeddable":true,"href":"https:\/\/treatro.it\/index.php?rest_route=\/wp\/v2\/users\/2"}],"replies":[{"embeddable":true,"href":"https:\/\/treatro.it\/index.php?rest_route=%2Fwp%2Fv2%2Fcomments&post=11660"}],"version-history":[{"count":2,"href":"https:\/\/treatro.it\/index.php?rest_route=\/wp\/v2\/pages\/11660\/revisions"}],"predecessor-version":[{"id":11663,"href":"https:\/\/treatro.it\/index.php?rest_route=\/wp\/v2\/pages\/11660\/revisions\/11663"}],"wp:attachment":[{"href":"https:\/\/treatro.it\/index.php?rest_route=%2Fwp%2Fv2%2Fmedia&parent=11660"}],"curies":[{"name":"wp","href":"https:\/\/api.w.org\/{rel}","templated":true}]}}