{"id":11628,"date":"2023-02-21T14:40:31","date_gmt":"2023-02-21T14:40:31","guid":{"rendered":"https:\/\/treatro.it\/?page_id=11628"},"modified":"2023-02-22T13:18:20","modified_gmt":"2023-02-22T13:18:20","slug":"italiani-cincali-2","status":"publish","type":"page","link":"https:\/\/treatro.it\/?page_id=11628","title":{"rendered":"Italiani c\u00ecncali"},"content":{"rendered":"<div class=\"mp-row-fluid motopress-row mpce-dsbl-margin-left mpce-dsbl-margin-right\">\n<div class=\"motopress-clmn mp-span12  mpce-dsbl-margin-left mpce-dsbl-margin-right\">\n<div class=\"mp-row-fluid motopress-row mpce-dsbl-margin-left mpce-dsbl-margin-right motopress-margin-top-50\">\n<div class=\"motopress-clmn mp-span12 mpce-dsbl-margin-left mpce-dsbl-margin-right\">\n<div class=\"motopress-text-obj\">\n<h2><span style=\"color: #ff0000; font-size: 48px;\">ITALIANI C&igrave;NCALI<\/span><\/h2>\n<\/div>\n<\/div>\n<\/div>\n<div class=\"mp-row-fluid motopress-row mpce-dsbl-margin-left mpce-dsbl-margin-right\">\n<div class=\"motopress-clmn mp-span7 mpce-dsbl-margin-left mpce-dsbl-margin-right\">\n<div class=\"motopress-code-obj\">\n<p><strong>Domenica 2 Aprile ore 16:00 \u2013 ore 19:00<\/strong><br \/><span style=\"color: #ff0000;\">PEZZAZE<\/span><br \/>Miniera Marzoli &#8211; via Miniera<br \/><strong>Ingresso 10 euro \u2013 ridotto 7 euro (su prenotazione)<\/strong><br \/>ingresso per 50 spettatori a replica<br \/><em>N.B presentarsi 30&#8242; prima; abbigliamento caldo e comodo; percorso d&#8217;accesso in galleria 15&#8242; a<\/em><br \/><em>piedi<\/em><\/p>\n<p>di <strong>Nicola Bonazzi e Mario Perrotta<\/strong><br \/>diretto ed interpretato da <strong>Mario Perrotta<\/strong><br \/>produzione <strong>Teatro dell\u2019Argine<\/strong><br \/><strong>FINALISTA AI PREMI UBU 2004 COME MIGLIORE DRAMMATURGIA<\/strong><\/p>\n<\/div>\n<\/div>\n<div class=\"motopress-clmn mp-span5 mpce-dsbl-margin-left mpce-dsbl-margin-right\">\n<div class=\"motopress-code-obj\">\n<p><img decoding=\"async\" src=\"https:\/\/treatro.it\/wp-content\/uploads\/2023\/02\/Italiani-cincali.jpg\" alt=\"\" \/><\/p>\n<\/div>\n<\/div>\n<\/div>\n<div class=\"mp-row-fluid motopress-row mpce-dsbl-margin-left mpce-dsbl-margin-right\">\n<div class=\"motopress-clmn mp-span12 mpce-dsbl-margin-left mpce-dsbl-margin-right\">\n<div class=\"motopress-button-obj motopress-text-align-left\"><a href=\"https:\/\/treatro.it\/wp-content\/uploads\/2023\/02\/LIBRETTO-proposte-2023.pdf\" target=\"_blank\" class=\"motopress-btn motopress-btn-rounded motopress-btn-color-red motopress-btn-size-middle\">Proposte 2023<\/a><\/div>\n<\/div>\n<\/div>\n<\/div>\n<\/div>\n<div class=\"mp-row-fluid motopress-row mpce-dsbl-margin-left mpce-dsbl-margin-right\">\n<div class=\"motopress-clmn mp-span12  mpce-dsbl-margin-left mpce-dsbl-margin-right  motopress-empty mp-hidden-phone\">\n<\/div>\n<\/div>\n<div class=\"mp-row-fluid motopress-row mpce-dsbl-margin-left mpce-dsbl-margin-right\">\n<div class=\"motopress-clmn mp-span12  mpce-dsbl-margin-left mpce-dsbl-margin-right\">\n<div class=\"mp-row-fluid motopress-row mpce-dsbl-margin-left mpce-dsbl-margin-right\">\n<div class=\"motopress-clmn mp-span12 mpce-dsbl-margin-left mpce-dsbl-margin-right\">\n<div class=\"motopress-code-obj\">\n<p><strong>Lo spettacolo <\/strong><\/p>\n<p>L\u2019emigrazione italiana nelle miniere di carbone del Belgio, raccontata attraverso un\u2019epopea popolare, fatta di uomini scambiati con sacchi di carbone, di paesi abitati solo da donne, di lettere cariche di invenzioni per non svelare le condizioni umilianti di quel lavoro, di mogli che rispondono a quelle lettere con le parole dettate dall\u2019unico uomo rimasto in paese: il postino. \u00c8 lui che racconta tutto quello che ha visto, sentito, letto e scritto. Racconta come pu\u00f2, come deve, ricostruendo uno spaccato violento e amaramente ironico di un\u2019Italia uscita dalla guerra e pronta ad affrontare il boom economico. \u00c8 cos\u00ec che le sue storie, cos\u00ec apparentemente personali, ritraggono senza ipocrisia uno dei capitoli pi\u00f9 amari della nostra storia repubblicana. Lo spettacolo ha ricevuto la targa commemorativa della Camera dei Deputati per &#8220;l&#8217;alto valore civile del testo e per la straordinaria interpretazione&#8221;, \u00e8 stato finalista al Premi UBU 2004 e ha segnalato Mario Perrotta tra gli artisti pi\u00f9 interessanti della nuova generazione.<\/p>\n<p><strong>I miei c\u00ecncali<\/strong><\/p>\n<p>C\u00ecncali cio\u00e8: zingari! Cos\u00ec credevano di essere chiamati gli italiani emigrati in Svizzera; pare, invece, che fosse una storpiatura di cinq, \u201ccinque\u201d nel linguaggio degli emigranti padani che giocavano a morra. Quasi un anno di testimonianze, un anno di memorie rispolverate a fatica. Ho preso la macchina e ho girato senza un luogo preciso dove andare, eppure il Sud \u00e8 tutto uguale, non hai bisogno di sapere dove qualcuno ha preso le valigie ed \u00e8 partito: basta entrare in un bar, un bar della provincia e chiedere. La risposta \u00e8 sempre la stessa: \u2013 qui tutti siamo emigrati&#8230; Si fanno pregare, un attimo soltanto, poi partono con la loro storia, infinita, che reclama ascolto. Anche il Sud \u00e8 infinito: tra i paesi montani del nord-est produttivo ed \u00e8 ancora Sud. Per i Belgi, gli Svizzeri, i Tedeschi che chiedevano braccia dopo la Seconda guerra mondiale, Sud era la Puglia, la Sicilia, la Calabria e Sud era il Veneto, il Friuli: &#8211; siamo emigrati tutti qui &#8230;- Negli archivi pubblici e privati trovo lettere, diari salvati per miracolo ma loro non hanno pi\u00f9 nulla: meglio dimenticare, dicono. Ma la memoria \u00e8 importante perch\u00e9 nel 1990, quando nel Salento \u00e8 sbarcata la prima carretta del mare carica di albanesi, c\u2019erano ancora 1.000 bambini italiani clandestini in Svizzera. Negli anni \u201970 erano 30.000&#8230; Mario Perrotta<\/p>\n<p>Lo spettacolo ha ricevuto la targa commemorativa della Camera dei Deputati per &#8220;l&#8217;alto valore civile del testo e per la straordinaria interpretazione&#8221;, \u00e8 stato finalista al Premi UBU 2004 e ha segnalato Mario Perrotta tra gli artisti pi\u00f9 interessanti della nuova generazione.<\/p>\n<\/div>\n<\/div>\n<\/div>\n<\/div>\n<\/div>\n<div class=\"mp-row-fluid motopress-row mpce-dsbl-margin-left mpce-dsbl-margin-right\">\n<div class=\"motopress-clmn mp-span12  mpce-dsbl-margin-left mpce-dsbl-margin-right\">\n<div class=\"motopress-button-obj motopress-text-align-left\"><a href=\"https:\/\/www.marioperrotta.com\/spettacoli\/italiani-cincali\/\" target=\"_blank\" class=\"motopress-btn motopress-btn-size-middle motopress-btn-rounded motopress-btn-icon-indent-small motopress-btn-color-red\">Scopri di pi\u00f9<\/a><\/div>\n<\/div>\n<\/div>\n","protected":false},"excerpt":{"rendered":"ITALIANI C&igrave;NCALI Domenica 2 Aprile ore 16:00 \u2013 ore 19:00PEZZAZEMiniera Marzoli &#8211; via MinieraIngresso 10 euro \u2013 ridotto 7 euro (su prenotazione)ingresso per 50 spettatori a replicaN.B presentarsi 30&#8242; prima; abbigliamento caldo e comodo; percorso d&#8217;accesso in galleria 15&#8242; apiedi di Nicola Bonazzi e Mario Perrottadiretto ed interpretato da Mario Perrottaproduzione Teatro dell\u2019ArgineFINALISTA AI PREMI [&hellip;]","protected":false},"author":2,"featured_media":0,"parent":0,"menu_order":0,"comment_status":"closed","ping_status":"closed","template":"","meta":{"footnotes":""},"_links":{"self":[{"href":"https:\/\/treatro.it\/index.php?rest_route=\/wp\/v2\/pages\/11628"}],"collection":[{"href":"https:\/\/treatro.it\/index.php?rest_route=\/wp\/v2\/pages"}],"about":[{"href":"https:\/\/treatro.it\/index.php?rest_route=\/wp\/v2\/types\/page"}],"author":[{"embeddable":true,"href":"https:\/\/treatro.it\/index.php?rest_route=\/wp\/v2\/users\/2"}],"replies":[{"embeddable":true,"href":"https:\/\/treatro.it\/index.php?rest_route=%2Fwp%2Fv2%2Fcomments&post=11628"}],"version-history":[{"count":3,"href":"https:\/\/treatro.it\/index.php?rest_route=\/wp\/v2\/pages\/11628\/revisions"}],"predecessor-version":[{"id":11647,"href":"https:\/\/treatro.it\/index.php?rest_route=\/wp\/v2\/pages\/11628\/revisions\/11647"}],"wp:attachment":[{"href":"https:\/\/treatro.it\/index.php?rest_route=%2Fwp%2Fv2%2Fmedia&parent=11628"}],"curies":[{"name":"wp","href":"https:\/\/api.w.org\/{rel}","templated":true}]}}