{"id":11618,"date":"2023-02-21T13:30:19","date_gmt":"2023-02-21T13:30:19","guid":{"rendered":"https:\/\/treatro.it\/?page_id=11618"},"modified":"2023-02-22T13:18:07","modified_gmt":"2023-02-22T13:18:07","slug":"supplici-3","status":"publish","type":"page","link":"https:\/\/treatro.it\/?page_id=11618","title":{"rendered":"Supplici"},"content":{"rendered":"<div class=\"mp-row-fluid motopress-row mpce-dsbl-margin-left mpce-dsbl-margin-right\">\n<div class=\"motopress-clmn mp-span12  mpce-dsbl-margin-left mpce-dsbl-margin-right\">\n<div class=\"mp-row-fluid motopress-row mpce-dsbl-margin-left mpce-dsbl-margin-right motopress-margin-top-50\">\n<div class=\"motopress-clmn mp-span12 mpce-dsbl-margin-left mpce-dsbl-margin-right\">\n<div class=\"motopress-text-obj\">\n<h2><span style=\"color: #ff0000; font-size: 48px;\">SUPPLICI<\/span><\/h2>\n<\/div>\n<\/div>\n<\/div>\n<div class=\"mp-row-fluid motopress-row mpce-dsbl-margin-left mpce-dsbl-margin-right\">\n<div class=\"motopress-clmn mp-span7 mpce-dsbl-margin-left mpce-dsbl-margin-right\">\n<div class=\"motopress-code-obj\">\n<p><strong>Gioved\u00ec 30 Marzo \u2013 ore 21:00<\/strong><br \/><span style=\"color: #ff0000;\">SAREZZO<\/span><br \/>Spazio Praticabile &#8211; via Dante, 155<br \/><strong>ingresso gratuito e tessera treatro terrediconfine (sottoscrizione libera)<\/strong><\/p>\n<p>con <strong>Michele D\u2019Aquila, Valentina Salerno<\/strong><br \/><strong>e il coro di adolescenti del laboratorio di treatro terrediconfine regia Michele D\u2019Aquila<\/strong><\/p>\n<\/div>\n<\/div>\n<div class=\"motopress-clmn mp-span5 mpce-dsbl-margin-left mpce-dsbl-margin-right\">\n<div class=\"motopress-code-obj\">\n<p><img decoding=\"async\" src=\"https:\/\/treatro.it\/wp-content\/uploads\/2023\/02\/supplici.jpg\" alt=\"\" \/><\/p>\n<\/div>\n<\/div>\n<\/div>\n<div class=\"mp-row-fluid motopress-row mpce-dsbl-margin-left mpce-dsbl-margin-right\">\n<div class=\"motopress-clmn mp-span12 mpce-dsbl-margin-left mpce-dsbl-margin-right\">\n<div class=\"motopress-button-obj motopress-text-align-left\"><a href=\"https:\/\/treatro.it\/wp-content\/uploads\/2023\/02\/LIBRETTO-proposte-2023.pdf\" target=\"_blank\" class=\"motopress-btn motopress-btn-rounded motopress-btn-color-red motopress-btn-size-middle\">Proposte 2023<\/a><\/div>\n<\/div>\n<\/div>\n<\/div>\n<\/div>\n<div class=\"mp-row-fluid motopress-row mpce-dsbl-margin-left mpce-dsbl-margin-right\">\n<div class=\"motopress-clmn mp-span12  mpce-dsbl-margin-left mpce-dsbl-margin-right  motopress-empty mp-hidden-phone\">\n<\/div>\n<\/div>\n<div class=\"mp-row-fluid motopress-row mpce-dsbl-margin-left mpce-dsbl-margin-right\">\n<div class=\"motopress-clmn mp-span12  mpce-dsbl-margin-left mpce-dsbl-margin-right\">\n<div class=\"mp-row-fluid motopress-row mpce-dsbl-margin-left mpce-dsbl-margin-right\">\n<div class=\"motopress-clmn mp-span12 mpce-dsbl-margin-left mpce-dsbl-margin-right\">\n<div class=\"motopress-code-obj\">\n<p>Il lavoro nasce dall\u2019immagine dei migranti di ieri e di oggi: siamo partiti dalla forza espressiva di quegli scatti (sguardi pieni di aspettativa o di paura, corpi ammassati come pesci, madri-coraggio avvinghiate ai loro figli, per scoprire che le immagini dei viaggi, dell\u2019attesa, i volti di chi parte e di chi resta sono sempre gli stessi. Nel passato come nel presente, nella cronaca come nella finzione letteraria (abbiamo preso in prestito le parole delle \u201cSupplici\u201ddi Eschilo) e che gridano con lo stesso dolore e la stessa umanit\u00e0.<\/p>\n<p>Il lavoro ha la forma di un reading teatralizzato a due voci. Due i registri: quello poetico, per dare voce a quelle immagini, e quello critico, per contestualizzarle (in senso storico e giuridico) e metterle in relazione l\u2019una con l\u2019altra. Michele D\u2019Aquila<\/p>\n<p><em>I versi di Eschilo si intrecciano e si confondono con i volti e racconti dei migranti che approdano in Sicilia dalla costa africana, dopo peripezie inenarrabili. La spietata logica del respingimento di chi si presenta supplice, alle porte della citt\u00e0, a chiedere aiuto \u00e8 deprecabile e inaccettabile per le leggi non scritte del codice etico della gente di mare, ma anche per la sensibilit\u00e0 di una comunit\u00e0 civile. Ma non basta la carit\u00e0, non basta la piet\u00e0: solo la dimensione politica \u2013 insegna gi\u00e0 Eschilo 2500 anni fa \u2013 pu\u00f2 affrontare e risolvere positivamente, nel segno del bene comune, la difficolt\u00e0 di migranti e cittadini.<\/em><\/p>\n<\/div>\n<\/div>\n<\/div>\n<\/div>\n<\/div>\n<div class=\"mp-row-fluid motopress-row mpce-dsbl-margin-left mpce-dsbl-margin-right\">\n<div class=\"motopress-clmn mp-span12  mpce-dsbl-margin-left mpce-dsbl-margin-right\">\n<div class=\"motopress-code-obj\">\n<p><img decoding=\"async\" src=\"https:\/\/treatro.it\/wp-content\/uploads\/2023\/02\/SUPPLICI-1.jpg\" alt=\"\" \/><\/p>\n<\/div>\n<\/div>\n<\/div>\n","protected":false},"excerpt":{"rendered":"SUPPLICI Gioved\u00ec 30 Marzo \u2013 ore 21:00SAREZZOSpazio Praticabile &#8211; via Dante, 155ingresso gratuito e tessera treatro terrediconfine (sottoscrizione libera) con Michele D\u2019Aquila, Valentina Salernoe il coro di adolescenti del laboratorio di treatro terrediconfine regia Michele D\u2019Aquila Proposte 2023 Il lavoro nasce dall\u2019immagine dei migranti di ieri e di oggi: siamo partiti dalla forza espressiva di [&hellip;]","protected":false},"author":2,"featured_media":0,"parent":0,"menu_order":0,"comment_status":"closed","ping_status":"closed","template":"","meta":{"footnotes":""},"_links":{"self":[{"href":"https:\/\/treatro.it\/index.php?rest_route=\/wp\/v2\/pages\/11618"}],"collection":[{"href":"https:\/\/treatro.it\/index.php?rest_route=\/wp\/v2\/pages"}],"about":[{"href":"https:\/\/treatro.it\/index.php?rest_route=\/wp\/v2\/types\/page"}],"author":[{"embeddable":true,"href":"https:\/\/treatro.it\/index.php?rest_route=\/wp\/v2\/users\/2"}],"replies":[{"embeddable":true,"href":"https:\/\/treatro.it\/index.php?rest_route=%2Fwp%2Fv2%2Fcomments&post=11618"}],"version-history":[{"count":3,"href":"https:\/\/treatro.it\/index.php?rest_route=\/wp\/v2\/pages\/11618\/revisions"}],"predecessor-version":[{"id":11645,"href":"https:\/\/treatro.it\/index.php?rest_route=\/wp\/v2\/pages\/11618\/revisions\/11645"}],"wp:attachment":[{"href":"https:\/\/treatro.it\/index.php?rest_route=%2Fwp%2Fv2%2Fmedia&parent=11618"}],"curies":[{"name":"wp","href":"https:\/\/api.w.org\/{rel}","templated":true}]}}