{"id":11601,"date":"2023-02-21T13:09:47","date_gmt":"2023-02-21T13:09:47","guid":{"rendered":"https:\/\/treatro.it\/?page_id=11601"},"modified":"2023-03-07T10:00:18","modified_gmt":"2023-03-07T10:00:18","slug":"piazza-grande-2","status":"publish","type":"page","link":"https:\/\/treatro.it\/?page_id=11601","title":{"rendered":"Piazza Grande"},"content":{"rendered":"<div class=\"mp-row-fluid motopress-row mpce-dsbl-margin-left mpce-dsbl-margin-right\">\n<div class=\"motopress-clmn mp-span12  mpce-dsbl-margin-left mpce-dsbl-margin-right\">\n<div class=\"mp-row-fluid motopress-row mpce-dsbl-margin-left mpce-dsbl-margin-right motopress-margin-top-50\">\n<div class=\"motopress-clmn mp-span12 mpce-dsbl-margin-left mpce-dsbl-margin-right\">\n<div class=\"motopress-text-obj\">\n<h2><span style=\"color: #ff0000; font-size: 48px;\">PIAZZA GRANDE<\/span><\/h2>\n<\/div>\n<\/div>\n<\/div>\n<div class=\"mp-row-fluid motopress-row mpce-dsbl-margin-left mpce-dsbl-margin-right\">\n<div class=\"motopress-clmn mp-span6 mpce-dsbl-margin-left mpce-dsbl-margin-right\">\n<div class=\"motopress-code-obj\">\n<p>Luned\u00ec 13 marzo \u2013 ore 21:00<br \/><span style=\"color: #ff0000;\">LODRINO<\/span><br \/>Cinema teatro San Luigi \u2013 vicolo Prandini, 1<br \/><strong>ingresso 10 euro &#8211; ridotto 7 euro<\/strong><\/p>\n<div class=\"page\" title=\"Page 1\">\n<div class=\"section\">\n<div class=\"layoutArea\">\n<div class=\"column\">\n<p>di <strong>John Comini<\/strong><br \/>con <strong>Sergio Mascherpa<\/strong><br \/>regia <strong>Giacomo Andrico<\/strong><\/p>\n<\/div>\n<\/div>\n<\/div>\n<\/div>\n<\/div>\n<\/div>\n<div class=\"motopress-clmn mp-span6 mpce-dsbl-margin-left mpce-dsbl-margin-right\">\n<div class=\"motopress-code-obj\">\n<p><img decoding=\"async\" src=\"https:\/\/treatro.it\/wp-content\/uploads\/2023\/02\/piazza-grande.jpg\" alt=\"\" \/><\/p>\n<\/div>\n<\/div>\n<\/div>\n<div class=\"mp-row-fluid motopress-row mpce-dsbl-margin-left mpce-dsbl-margin-right\">\n<div class=\"motopress-clmn mp-span12 mpce-dsbl-margin-left mpce-dsbl-margin-right\">\n<div class=\"motopress-button-obj motopress-text-align-left\"><a href=\"https:\/\/treatro.it\/wp-content\/uploads\/2023\/02\/LIBRETTO-proposte-2023.pdf\" target=\"_blank\" class=\"motopress-btn motopress-btn-rounded motopress-btn-color-red motopress-btn-size-middle\">Proposte 2023<\/a><\/div>\n<\/div>\n<\/div>\n<\/div>\n<\/div>\n<div class=\"mp-row-fluid motopress-row mpce-dsbl-margin-left mpce-dsbl-margin-right\">\n<div class=\"motopress-clmn mp-span12  mpce-dsbl-margin-left mpce-dsbl-margin-right  motopress-empty mp-hidden-phone\">\n<\/div>\n<\/div>\n<div class=\"mp-row-fluid motopress-row mpce-dsbl-margin-left mpce-dsbl-margin-right\">\n<div class=\"motopress-clmn mp-span12  mpce-dsbl-margin-left mpce-dsbl-margin-right\">\n<div class=\"mp-row-fluid motopress-row mpce-dsbl-margin-left mpce-dsbl-margin-right\">\n<div class=\"motopress-clmn mp-span12 mpce-dsbl-margin-left mpce-dsbl-margin-right\">\n<div class=\"motopress-code-obj\">\n<p>Uno spettacolo in dialetto bresciano: &#8220;Com\u00e9dia con d\u00e8 &#8216;na persuna ch\u00e8 parla e tate \u00e0ltre ch\u00e9 par d\u00e8 sint\u00ecle parl\u00e0&#8221; Dopo \u201cBibbi\u00f9\u201d di Achille Platto e la \u201cMad\u00f2na de la nef\u201d di Giuseppe Marchetti, Giacomo Andrico e Sergio Mascherpa tornano al dialetto bresciano con questo nuovo testo di John Comini autore degli spettacoli di Paola Rizzi (la signora Maria).<\/p>\n<p>\u00c8 il giorno della festa patronale in paese, fervono i preparativi e il nostro protagonista si posiziona come sua abitudine al tavolino preferito del bar centrale della piazza. \u00c8 il suo posto di combattimento da dove osserva e racconta la storia degli abitanti che animano il paese.<\/p>\n<p>Tra un calice di vino e un altro prendono vita personaggi ironici e divertenti, assurdi e malinconici a regalarci uno spaccato di vita.<\/p>\n<\/div>\n<\/div>\n<\/div>\n<\/div>\n<\/div>\n<div class=\"mp-row-fluid motopress-row mpce-dsbl-margin-left mpce-dsbl-margin-right\">\n<div class=\"motopress-clmn mp-span12  mpce-dsbl-margin-left mpce-dsbl-margin-right\">\n<div class=\"motopress-button-obj motopress-text-align-left\"><a href=\"https:\/\/www.teatrolaboratoriobrescia.net\/show-item\/piazza-grande\/\" target=\"_blank\" class=\"motopress-btn motopress-btn-size-middle motopress-btn-rounded motopress-btn-icon-indent-small motopress-btn-color-red\">Scopri di pi\u00f9<\/a><\/div>\n<\/div>\n<\/div>\n","protected":false},"excerpt":{"rendered":"PIAZZA GRANDE Luned\u00ec 13 marzo \u2013 ore 21:00LODRINOCinema teatro San Luigi \u2013 vicolo Prandini, 1ingresso 10 euro &#8211; ridotto 7 euro di John Cominicon Sergio Mascherparegia Giacomo Andrico Proposte 2023 Uno spettacolo in dialetto bresciano: &#8220;Com\u00e9dia con d\u00e8 &#8216;na persuna ch\u00e8 parla e tate \u00e0ltre ch\u00e9 par d\u00e8 sint\u00ecle parl\u00e0&#8221; Dopo \u201cBibbi\u00f9\u201d di Achille Platto [&hellip;]","protected":false},"author":2,"featured_media":0,"parent":0,"menu_order":0,"comment_status":"closed","ping_status":"closed","template":"","meta":{"footnotes":""},"_links":{"self":[{"href":"https:\/\/treatro.it\/index.php?rest_route=\/wp\/v2\/pages\/11601"}],"collection":[{"href":"https:\/\/treatro.it\/index.php?rest_route=\/wp\/v2\/pages"}],"about":[{"href":"https:\/\/treatro.it\/index.php?rest_route=\/wp\/v2\/types\/page"}],"author":[{"embeddable":true,"href":"https:\/\/treatro.it\/index.php?rest_route=\/wp\/v2\/users\/2"}],"replies":[{"embeddable":true,"href":"https:\/\/treatro.it\/index.php?rest_route=%2Fwp%2Fv2%2Fcomments&post=11601"}],"version-history":[{"count":5,"href":"https:\/\/treatro.it\/index.php?rest_route=\/wp\/v2\/pages\/11601\/revisions"}],"predecessor-version":[{"id":11747,"href":"https:\/\/treatro.it\/index.php?rest_route=\/wp\/v2\/pages\/11601\/revisions\/11747"}],"wp:attachment":[{"href":"https:\/\/treatro.it\/index.php?rest_route=%2Fwp%2Fv2%2Fmedia&parent=11601"}],"curies":[{"name":"wp","href":"https:\/\/api.w.org\/{rel}","templated":true}]}}