{"id":11562,"date":"2023-02-20T14:53:34","date_gmt":"2023-02-20T14:53:34","guid":{"rendered":"https:\/\/treatro.it\/?page_id=11562"},"modified":"2023-02-22T13:17:22","modified_gmt":"2023-02-22T13:17:22","slug":"muri-2","status":"publish","type":"page","link":"https:\/\/treatro.it\/?page_id=11562","title":{"rendered":"Muri"},"content":{"rendered":"<div class=\"mp-row-fluid motopress-row mpce-dsbl-margin-left mpce-dsbl-margin-right\">\n<div class=\"motopress-clmn mp-span12  mpce-dsbl-margin-left mpce-dsbl-margin-right\">\n<div class=\"mp-row-fluid motopress-row mpce-dsbl-margin-left mpce-dsbl-margin-right motopress-margin-top-50\">\n<div class=\"motopress-clmn mp-span12 mpce-dsbl-margin-left mpce-dsbl-margin-right\">\n<div class=\"motopress-text-obj\">\n<h2><span style=\"color: #ff0000; font-size: 48px;\">MURI &#8211; AUTOBIOGRAFIA DI UNA CASA<\/span><\/h2>\n<\/div>\n<\/div>\n<\/div>\n<div class=\"mp-row-fluid motopress-row mpce-dsbl-margin-left mpce-dsbl-margin-right\">\n<div class=\"motopress-clmn mp-span7 mpce-dsbl-margin-left mpce-dsbl-margin-right\">\n<div class=\"motopress-code-obj\">\n<p><strong>Venerdi 3 &#8211; Sabato 4 marzo &#8211; ore 21:00<\/strong><br \/><span style=\"color: #ff0000;\"><strong>SAREZZO<\/strong><\/span><br \/>Spazio Praticabile &#8211; via Dante,155<br \/><strong>ingresso 10 euro<\/strong> (su prenotazione)<br \/>e tessera treatro terrediconfine (sottoscrizione libera)<br \/><strong>ingresso riservato a 40 spettatori a replica<\/strong><\/p>\n<p>di<strong> Paola Berselli<\/strong><br \/>con<strong> Paola Berselli e Stefano Pasquini<\/strong><br \/>regia <strong>Paola Berselli e Stefano Pasquini<\/strong><br \/>produzione<strong> Teatro delle Ariette 2021<\/strong><br \/>con il contributo di <strong>Regione Emilia-Romagna, Fondazione Del Monte di Bologna e Ravenna<\/strong><\/p>\n<\/div>\n<\/div>\n<div class=\"motopress-clmn mp-span5 mpce-dsbl-margin-left mpce-dsbl-margin-right\">\n<div class=\"motopress-code-obj\">\n<p><img decoding=\"async\" src=\"https:\/\/treatro.it\/wp-content\/uploads\/2023\/02\/muri.jpg\" alt=\"\" \/><\/p>\n<\/div>\n<\/div>\n<\/div>\n<div class=\"mp-row-fluid motopress-row mpce-dsbl-margin-left mpce-dsbl-margin-right\">\n<div class=\"motopress-clmn mp-span12 mpce-dsbl-margin-left mpce-dsbl-margin-right\">\n<div class=\"motopress-button-obj motopress-text-align-left\"><a href=\"https:\/\/treatro.it\/wp-content\/uploads\/2023\/02\/LIBRETTO-proposte-2023.pdf\" target=\"_blank\" class=\"motopress-btn motopress-btn-rounded motopress-btn-color-red motopress-btn-size-middle\">Proposte 2023<\/a><\/div>\n<\/div>\n<\/div>\n<\/div>\n<\/div>\n<div class=\"mp-row-fluid motopress-row mpce-dsbl-margin-left mpce-dsbl-margin-right\">\n<div class=\"motopress-clmn mp-span12  mpce-dsbl-margin-left mpce-dsbl-margin-right  motopress-empty mp-hidden-phone\">\n<\/div>\n<\/div>\n<div class=\"mp-row-fluid motopress-row mpce-dsbl-margin-left mpce-dsbl-margin-right\">\n<div class=\"motopress-clmn mp-span12  mpce-dsbl-margin-left mpce-dsbl-margin-right\">\n<div class=\"mp-row-fluid motopress-row mpce-dsbl-margin-left mpce-dsbl-margin-right\">\n<div class=\"motopress-clmn mp-span12 mpce-dsbl-margin-left mpce-dsbl-margin-right\">\n<div class=\"motopress-code-obj\">\n<p>Ne abbiamo fatti tanti di spettacoli nella vita di prima. L\u2019ultimo, \u201cTrent\u2019anni di grano\u201d, ha debuttato a Matera per la capitale europea della cultura nell\u2019ottobre 2019, soltanto un attimo prima che si cominciasse a parlare di pandemia. Poi i progetti in atto a marzo 2020 sono deragliati, come la vita di tutti. Si \u00e8 fatto del vuoto e in questo vuoto sono apparsi dei fantasmi che hanno cominciato piano piano a prendere spessore e consistenza di materia. La stoffa dei sogni si \u00e8 fatta carne e le parole, i pensieri e i sentimenti si sono coagulati in azioni e relazioni, sono diventati teatro. Stavamo gi\u00e0 pensando a questo nuovo spettacolo, Paola aveva gi\u00e0 cominciato a scriverlo. Senza volerlo ci siamo ritrovati a lavorarci in piena pandemia, un momento in cui le case sono ritornate cos\u00ec importanti nelle nostre vite, nel bene e nel male, come prigioni o come rifugi. Contavamo di presentarlo a dicembre 2020, ma siamo riusciti a debuttare a casa nostra soltanto il 5 maggio 2021, perch\u00e9 prima gli spettacoli erano proibiti, sia al chiuso che all\u2019aperto.<\/p>\n<p>L\u2019abbiamo replicato alle Ariette, in forma itinerante attraverso tutte le stanze della nostra casa, per pi\u00f9 di quaranta volte tra maggio e ottobre. Poi l\u2019abbiamo portato in giro nelle case del nostro comune. Ora lo proponiamo in una versione adatta a case private, sale e spazi teatrali che conserva tutta l\u2019intimit\u00e0 e la prossimit\u00e0 della versione precedente. MURI affonda le sue radici nel secolo scorso seguendo una storia che comincia negli anni cinquanta e termina esattamente alla caduta del muro di Berlino, nell&#8217;autunno del 1989. Nello spettacolo Paola racconta le case della sua vita, attraversando quelle abitate da bambina, ragazza e giovane donna fino all\u2019arrivo alle Ariette.<\/p>\n<p>L\u00ec la storia si ferma. Paola cerca in realt\u00e0 di mettere a fuoco il percorso della sua vita, in particolare quello precedente all\u2019arrivo in questa casa. Parlare della casa diventa parlare di s\u00e9. Parlare con la casa \u00e8 come parlare con s\u00e9 stessi. Parlare con gli spettatori significa rivolgersi alla comunit\u00e0, invitare la comunit\u00e0 a entrare nel proprio spazio privato, intimo e sensibile. Il piccolo gruppo di spettatori, attraversa in realt\u00e0 un\u2019anima, si mette in relazione con lei, viene chiamato a vivere un percorso autobiografico collettivo, intimo, individuale e condivisibile al tempo stesso. Durante questo anno che abbiamo appena passato, le case si sono trasformate a volte in prigioni. Oggi, in questo percorso catartico attraverso le case abitate da Paola nel corso della vita, tutte le case ritrovano la loro dimensione reale di rifugio, di archivio della memoria, delle emozioni, dei sentimenti e degli affetti. Nel bene o nel male, in fondo, ogni casa diventa il museo della nostra esistenza.<\/p>\n<p><strong>Nel corso dello spettacolo verr\u00e0 offerto al gentile pubblico un piatto di tagliatelle accompagnato da un bicchiere di vino rosso e dalla torta dei 40 anni.<\/strong><\/p>\n<\/div>\n<\/div>\n<\/div>\n<\/div>\n<\/div>\n<div class=\"mp-row-fluid motopress-row mpce-dsbl-margin-left mpce-dsbl-margin-right\">\n<div class=\"motopress-clmn mp-span4  mpce-dsbl-margin-left mpce-dsbl-margin-right\">\n<div class=\"motopress-code-obj\">\n<p><img decoding=\"async\" src=\"https:\/\/treatro.it\/wp-content\/uploads\/2023\/02\/MuriTDSC02399.jpg\" alt=\"\" \/><\/p>\n<\/div>\n<\/div>\n<div class=\"motopress-clmn mp-span4  mpce-dsbl-margin-left mpce-dsbl-margin-right\">\n<div class=\"motopress-code-obj\">\n<p><img decoding=\"async\" src=\"https:\/\/treatro.it\/wp-content\/uploads\/2023\/02\/MuriTDSC02459.jpg\" alt=\"\" \/><\/p>\n<\/div>\n<\/div>\n<div class=\"motopress-clmn mp-span4  mpce-dsbl-margin-left mpce-dsbl-margin-right\">\n<div class=\"motopress-code-obj\">\n<p><img decoding=\"async\" src=\"https:\/\/treatro.it\/wp-content\/uploads\/2023\/02\/MuriTDSC02664.jpg\" alt=\"\" \/><\/p>\n<\/div>\n<\/div>\n<\/div>\n<div class=\"mp-row-fluid motopress-row mpce-dsbl-margin-left mpce-dsbl-margin-right\">\n<div class=\"motopress-clmn mp-span4  mpce-dsbl-margin-left mpce-dsbl-margin-right\">\n<div class=\"motopress-code-obj\">\n<p><img decoding=\"async\" src=\"https:\/\/treatro.it\/wp-content\/uploads\/2023\/02\/MuriTDSC03136.jpg\" alt=\"\" \/><\/p>\n<\/div>\n<\/div>\n<div class=\"motopress-clmn mp-span4  mpce-dsbl-margin-left mpce-dsbl-margin-right\">\n<div class=\"motopress-code-obj\">\n<p><img decoding=\"async\" src=\"https:\/\/treatro.it\/wp-content\/uploads\/2023\/02\/MuriTDSC03180.jpg\" alt=\"\" \/><\/p>\n<\/div>\n<\/div>\n<div class=\"motopress-clmn mp-span4  mpce-dsbl-margin-left mpce-dsbl-margin-right\">\n<div class=\"motopress-code-obj\">\n<p><img decoding=\"async\" src=\"https:\/\/treatro.it\/wp-content\/uploads\/2023\/02\/MuriTDSC03343.jpg\" alt=\"\" \/><\/p>\n<\/div>\n<\/div>\n<\/div>\n","protected":false},"excerpt":{"rendered":"MURI &#8211; AUTOBIOGRAFIA DI UNA CASA Venerdi 3 &#8211; Sabato 4 marzo &#8211; ore 21:00SAREZZOSpazio Praticabile &#8211; via Dante,155ingresso 10 euro (su prenotazione)e tessera treatro terrediconfine (sottoscrizione libera)ingresso riservato a 40 spettatori a replica di Paola Bersellicon Paola Berselli e Stefano Pasquiniregia Paola Berselli e Stefano Pasquiniproduzione Teatro delle Ariette 2021con il contributo di Regione [&hellip;]","protected":false},"author":2,"featured_media":0,"parent":0,"menu_order":0,"comment_status":"closed","ping_status":"closed","template":"","meta":{"footnotes":""},"_links":{"self":[{"href":"https:\/\/treatro.it\/index.php?rest_route=\/wp\/v2\/pages\/11562"}],"collection":[{"href":"https:\/\/treatro.it\/index.php?rest_route=\/wp\/v2\/pages"}],"about":[{"href":"https:\/\/treatro.it\/index.php?rest_route=\/wp\/v2\/types\/page"}],"author":[{"embeddable":true,"href":"https:\/\/treatro.it\/index.php?rest_route=\/wp\/v2\/users\/2"}],"replies":[{"embeddable":true,"href":"https:\/\/treatro.it\/index.php?rest_route=%2Fwp%2Fv2%2Fcomments&post=11562"}],"version-history":[{"count":20,"href":"https:\/\/treatro.it\/index.php?rest_route=\/wp\/v2\/pages\/11562\/revisions"}],"predecessor-version":[{"id":11639,"href":"https:\/\/treatro.it\/index.php?rest_route=\/wp\/v2\/pages\/11562\/revisions\/11639"}],"wp:attachment":[{"href":"https:\/\/treatro.it\/index.php?rest_route=%2Fwp%2Fv2%2Fmedia&parent=11562"}],"curies":[{"name":"wp","href":"https:\/\/api.w.org\/{rel}","templated":true}]}}