{"id":11543,"date":"2022-03-01T09:12:23","date_gmt":"2022-03-01T09:12:23","guid":{"rendered":"https:\/\/treatro.it\/?page_id=11543"},"modified":"2023-01-31T13:12:46","modified_gmt":"2023-01-31T13:12:46","slug":"2022-2","status":"publish","type":"page","link":"https:\/\/treatro.it\/?page_id=11543","title":{"rendered":"2022"},"content":{"rendered":"<p><a href=\"#\"><img loading=\"lazy\" decoding=\"async\" src=\"https:\/\/treatro.it\/wp-content\/uploads\/2022\/03\/rassegna-2022.jpg\" alt=\"rassegna-2022\" width=\"1477\" height=\"313\" class=\"alignleft size-full wp-image-11529\" srcset=\"https:\/\/treatro.it\/wp-content\/uploads\/2022\/03\/rassegna-2022.jpg 1477w, https:\/\/treatro.it\/wp-content\/uploads\/2022\/03\/rassegna-2022-300x64.jpg 300w, https:\/\/treatro.it\/wp-content\/uploads\/2022\/03\/rassegna-2022-1024x217.jpg 1024w, https:\/\/treatro.it\/wp-content\/uploads\/2022\/03\/rassegna-2022-768x163.jpg 768w\" sizes=\"(max-width: 1477px) 100vw, 1477px\" \/><\/a><\/p>\n<h2>Comunicato Stampa<\/h2>\n<hr>\n<p><a href=\"https:\/\/treatro.it\/wp-content\/uploads\/2022\/03\/proposta-2022.pdf\" target=\"_blank\" rel=\"noopener noreferrer\">Scarica la locandina di Proposta 2022<\/a><\/p>\n<div id=\"PAGES_CONTAINERinlineContent\">\n<div id=\"SITE_PAGES\">\n<div id=\"ifaas\" data-ismobile=\"false\" data-is-mesh-layout=\"false\">\n<div id=\"ifaasinlineContent\">\n<div id=\"comp-ivy1u7ck\" data-packed=\"true\">V<span style=\"font-family: Dosis; font-size: 16px; font-style: normal; font-weight: 400; text-align: justify; letter-spacing: 0px;\">L\u2019edizione 2022 di \u201cProposta \u2013 progetto teatrale per la Valle Trompia\u201d rappresenta sia un importante\u00a0traguardo che un\u2019importante anteprima nel panorama triumplino: si \u00e8 giunti infatti alla<\/span><span style=\"font-family: Dosis; font-size: 16px; font-style: normal; font-weight: 400; text-align: justify; letter-spacing: 0px;\">\u00a0<\/span><span style=\"font-family: Dosis; font-size: 16px; font-style: normal; text-align: justify; letter-spacing: 0px; font-weight: bold;\">39esima\u00a0<\/span><span style=\"font-family: Dosis; font-size: 16px; font-style: normal; text-align: justify; letter-spacing: 0px; font-weight: bold;\">edizione<\/span><span style=\"font-family: Dosis; font-size: 16px; font-style: normal; font-weight: 400; text-align: justify; letter-spacing: 0px;\">\u00a0<\/span><span style=\"font-family: Dosis; font-size: 16px; font-style: normal; font-weight: 400; text-align: justify; letter-spacing: 0px;\">e nel 2023, in occasione dell\u2019appuntamento Brescia e Bergamo Capitale della Cultura, la\u00a0rassegna festegger\u00e0 le Nozze di Smeraldo.\u00a0\u201cTrentanove anni di spettacoli, recital, laboratori teatrali, monologhi, frutto di una lunga collaborazione\u00a0 tra la Comunit\u00e0 Montana di Valle Trompia, i Comuni che la compongono e la direzione artistica di treatro terrediconfine Associazione Culturale, nonch\u00e8 con sponsor locali e con il contributo di Regione Lombardia; una sinergia con le istituzioni che non coinvolge unicamente il settore dello spettacolo in quanto con gli anni si \u00e8 integrata con i diversi ambiti culturali (musei, biblioteche, archivi storici, ecomuseo) nonch\u00e9 con quelli sociali ed educativi\u201d ricorda<\/span><span style=\"font-family: Dosis; font-size: 16px; font-style: normal; font-weight: 400; text-align: justify; letter-spacing: 0px;\">\u00a0<\/span><span style=\"font-family: Dosis; font-size: 16px; font-style: normal; text-align: justify; letter-spacing: 0px; font-weight: bold;\">Ivonne Valcamonico, Assessora alla Cultura della Comunit\u00e0 Montana di Valle Trompia.\u00a0<\/span><span style=\"font-family: Dosis; font-size: 16px; font-style: normal; font-weight: 400; text-align: justify; letter-spacing: 0px;\">All\u2019edizione 2022 hanno aderito i Comuni di Bovezzo, Caino, Concesio, Gardone Val Trompia, Lodrino, Marcheno, Marmentino, Nave, Pezzaze, Sarezzo, Tavernole sul Mella, Villa Carcina.\u00a0\u201cLa rassegna si inserisce in un lavoro di coesione sociale, di valorizzazione del territorio e di promozione delle connessioni intergenerazionali, andando ad animare zone preziose seppur decentrate\u201d, sottolinea<\/span><span style=\"font-family: Dosis; font-size: 16px; font-style: normal; font-weight: 400; text-align: justify; letter-spacing: 0px;\">\u00a0<\/span><span style=\"font-family: Dosis; font-size: 16px; font-style: normal; text-align: justify; letter-spacing: 0px; font-weight: bold;\">Fabrizio Foccoli Direttore Artistico dell\u2019Associazione culturale treatro terrediconfine<\/span><span style=\"font-family: Dosis; font-size: 16px; font-style: normal; font-weight: 400; text-align: justify; letter-spacing: 0px;\">\u00a0<\/span><span style=\"font-family: Dosis; font-size: 16px; font-style: normal; font-weight: 400; text-align: justify; letter-spacing: 0px;\">\u201cda sempre Proposta \u00e8 caratterizzata da una poetica legata alle tematiche civili e\u00a0sociali, e negli ultimi anni, grazie all\u2019elaborazione delle ricerche storiche con nuovi linguaggi, la\u00a0rassegna mantiene la duplice finalit\u00e0 di promozione dello spettacolo dal vivo e di coinvolgimento della comunit\u00e0 nella convinzione che il teatro debba parlare alla gente del proprio tempo, incoraggiando riflessioni, nuovi pensieri ed intense emozioni\u201d.\u00a0In questi ultimi anni pi\u00f9 che mai, a causa dell\u2019emergenza sanitaria che con il distanziamento\u00a0fisico ha fatto sorgere problematiche legate al distanziamento sociale e a effetti di disagio,\u00a0<\/span><span style=\"font-family: Dosis; font-size: 16px; font-style: normal; text-align: justify; letter-spacing: 0px; font-weight: bold;\">\u201cProposta\u201d rappresenta un\u2019occasione di socialit\u00e0, di incontro, di rinascita, di condivisione di\u00a0<\/span><span style=\"font-family: Dosis; font-size: 16px; font-style: normal; text-align: justify; letter-spacing: 0px; font-weight: bold;\">storie e di territori, per non fermare il teatro, per uscire dagli schermi, per mantenere e continuare a costruire una relazione dal vivo con la gente.\u00a0<\/span><span style=\"font-family: Dosis; font-size: 16px; font-style: normal; font-weight: 400; text-align: justify; letter-spacing: 0px;\">Nel corso di questi 39 anni la rassegna ha visto la partecipazione di<\/span><span style=\"font-family: Dosis; font-size: 16px; font-style: normal; font-weight: 400; text-align: justify; letter-spacing: 0px;\">\u00a0<\/span><span style=\"font-family: Dosis; font-size: 16px; font-style: normal; text-align: justify; letter-spacing: 0px; font-weight: bold;\">oltre 75.000 spettatori<\/span><span style=\"font-family: Dosis; font-size: 16px; font-style: normal; font-weight: 400; text-align: justify; letter-spacing: 0px;\">\u00a0<\/span><span style=\"font-family: Dosis; font-size: 16px; font-style: normal; font-weight: 400; text-align: justify; letter-spacing: 0px;\">ed \u00e8\u00a0stata riferimento per generazioni di pubblico che hanno avuto modo di assistere a spettacoli\u00a0divertenti, con attori comici di grido, a monologhi pi\u00f9 drammatici, a ricerche etnografiche\u00a0legate al territorio, a spettacoli con linguaggi vari, fruibili dalle diverse tipologie di spettatori.<\/span><\/div>\n<p class=\"Standard\" style=\"font-family: Dosis; font-size: 16px; font-style: normal; font-weight: 400; text-align: justify;\">\u00a0<span style=\"font-weight: bold;\">Presentazione degli spettacoli\u00a0<\/span><\/p>\n<p class=\"Standard\" style=\"font-family: Dosis; font-size: 16px; font-style: normal; font-weight: 400; text-align: justify;\">Due voci \u201ccorsare\u201d per inaugurare la rassegna proposta 2022:\u00a0<span style=\"font-weight: bold;\">\u201cOmaggio a P.P.P.\u201d\u00a0<\/span>\u00a0\u00a0in occasione del centenario della nascita di Pasolini, racconta le analisi profetiche della societ\u00e0 italiana degli anni \u201950-\u201860\u00a0\u00a0 attraverso i versi delle sue composizioni poetiche;\u00a0<span style=\"font-weight: bold;\">\u201cCristina di Belgiojoso\u201d\u00a0\u00a0<\/span>rivive le vicende della nobildonna che con determinazione e audacia ha cercato di riscattare la figura della donna nella societ\u00e0 ottocentesca contribuendo in prima persona all\u2019Unit\u00e0 d\u2019Italia. I due reading con accompagnamento musicale dal vivo, sono prodotti dall\u2019associazione treatro terrediconfine.<\/p>\n<p class=\"Standard\" style=\"font-family: Dosis; font-size: 16px; font-style: normal; font-weight: 400; text-align: justify;\">Perdono come concetto concreto, laico, umano; diversit\u00e0 come coesistenza di differenze; la povert\u00e0 lessicale e la valenza della parola alcune delle tematiche che riconducono all\u2019 Educazione come motore di aggregazione e volano di valori educativi positivi degni di essere raccontati.\u00a0Nello spettacolo \u201cSettanta volte sette\u201d, vincitore nel 2021 di teatri del Sacro, Clara Sancricca\u00a0 \u00a0contrappone alla logica, attualmente vincente della vendetta, la logica del perdono, della sua possibilit\u00e0 e concretezza di esistere nelle relazioni umane. Roberto Anglisani e Maria Maglietta con \u201cIl sognatore\u201d riflettono, attraverso le pagine di Ian McEwan, su come le differenze non possono portare che arricchimento. \u201cL\u2019amore per l\u2019educazione\u201d dal libro Cuore di Edmondo de Amicis, \u00e8 raccontato da Gabriele Vacis come meditazione pedagogica sulla necessit\u00e0 che la Scuola sia il fulcro di un dibattito sulla societ\u00e0 in cui gli esempi negativi di comportamento la fanno da padroni. Marta Dalla Via con \u201cLe parole sanno quello che dicono\u201d si diverte a giocare con humor linguistico per smascherare ipocrisie lessicali e l\u2019uso improprio di parole con un minimo corso di difesa concettuale. Arianna Scommegna con il testo di Renata Ciaravino \u201cPotevo essere io\u201d racconta l\u2019evoluzione delle vite di due bambini, maschio e femmina, due partenze dallo stesso cortile della periferia milanese, stessi presupposti ma con finali diversi. La commedia che irrompe nella tragedia. Spettacolo vincitore di Nexwork 2013 e prodotto da ATIR.<\/p>\n<p class=\"Standard\" style=\"font-family: Dosis; font-size: 16px; font-style: normal; font-weight: 400; text-align: justify;\">Cronaca e Storia recente vengono affrontate in alcune drammaturgie di \u201cProposta\u201d: \u201cTopi\u201d di Usine Baug, vincitore del Premio Scenario Periferie 2021, in cui fittizio e reale si incontrano per raccontare il G8 di Genova vent\u2019anni dopo offrendo una molteplicit\u00e0 di prospettive diverse; Giacomo Ferra\u00f9 e Giulia Viana di \u201cEco di fondo\u201d,\u00a0 con \u201cLa notte di Antigone\u201d rileggono il mito ispirandosi alla figura di Ilaria Cucchi, una donna che ha cercato la verit\u00e0 sfidando il sistema per amore di un fratello tanto inafferrabile nella vita e cos\u00ec presente nella sua assenza; la carica di umanit\u00e0, la storia di un presidente della Repubblica, figura che gli italiani sentivano vicina, indimenticabili immagini di un periodo del Novecento,\u00a0 vengono proposte da Andrea Santonastaso con \u201cSandro\u201d, per la regia di Nicola Bonazzi, per fare il punto su noi stessi, sull\u2019idea che possa esistere una politica in grado di segnare la linea di un\u2019etica civile e solidale capace di dialogare al proprio interno per ritrovare le ragioni di una convivenza pi\u00f9 conciliante e aperta.<\/p>\n<p class=\"Standard\" style=\"font-family: Dosis; font-size: 16px; font-style: normal; font-weight: 400; text-align: justify;\">Due spettacoli a tematica sociale, \u201cStay Hungry\u201d e \u201cEracle l\u2019invisibile\u201d sono voluti ed organizzati in collaborazione con alcune cooperative sociali del territorio della Val Gobbia e della Valle Trompia condividendo finalit\u00e0 di intenti tra cultura e intervento sociale ( Il Mosaico, Gaia e Solco) Con \u201cStay hungry. Indagine di un affamato\u201d vincitore del premio in Box 2020 e del Nolo Milano Fringe festiva 2019, Angelo Campolo della Compagnia DAF- teatro, racconta al pubblico l\u2019avventura di un attore alle prese con la compilazione di un bando a tema sociale per un percorso di ricerca teatrale nei centri di accoglienza. Un monologo autobiografico in cui tutti i personaggi sono segnati, ciascuno a suo modo da una fame di amore e conoscenza, in un tempo di vuoti che diventano voragini. \u201cEracle l\u2019invisibile\u201d da Euripide, racconta il percorso parossistico dell\u2019essere umano economico continuamente sottoposto a un\u2019infinita trafila di prove. Il lavoro narra di un buon padre di famiglia, marito felice che attraverso vicende varie viene catapultato in un vortice claustrofobico che lo porta alla povert\u00e0. Il progetto del teatro dei Borgia vede come interprete Christian Di Domenico. Storie nere, vicende letterarie, fiabe non soltanto per l\u2019infanzia ci vengono raccontate in due spettacoli: \u201cRacconti neri e altre storie di Pepa Carvalho\u201d reading che vede come protagonista il versatile attore di cinema e teatro Fabio Troiano accompagnato dal contrabbasso di Roberto Bonazinga. Un omaggio al mondo di Pepe Carvalho le cui straordinarie avventure furono raccontate dal poliedrico scrittore e poeta spagnolo Manuel Va\u00e0quez Montalban Licia Lanera, premio Ubu nel 2014 come nuova attrice under 35, firma \u201cThe black\u2019s tales tour\u201d scrittura originale tra parola e musica che racconta incubi notturni, per parlare di alcune donne, delle loro ossessioni, delle loro paure. Fiabe che si sgretolano fino a diventare la realt\u00e0 stessa, la pi\u00f9 feroce, la pi\u00f9 fallimentare.<\/p>\n<p class=\"Standard\" style=\"font-family: Dosis; font-size: 16px; font-style: normal; font-weight: 400; text-align: justify;\">Con lo spettacolo di Antonello Scarsi e Francesca Cecala, \u201cArresti umani: compedio di accidenti senza appello\u201d, vengono narrate microstorie grottesche in cui umane debolezze e correnti amenit\u00e0 si intersecano in surreali dialoghi in un continuo gioco allo spiazzamento di attori e pubblico<\/p>\n<p class=\"Standard\" style=\"font-family: Dosis; font-size: 16px; font-style: normal; font-weight: 400;\">Chiudono la rassegna alcune riprese di spettacoli prodotti da treatro terrediconfine pi\u00f9 legati alla memoria locale, con drammaturgie costruite da interviste sul territorio: \u201c<span style=\"font-weight: bold;\">F\u00f3bal\u201d\u00a0<\/span>e\u00a0<span style=\"font-weight: bold;\">\u201cEl ci\u00e9l\u00a0 s\u00f6 la to<\/span>\u00a0<span style=\"font-weight: bold;\">p\u00e8l,<\/span>\u201d mentre\u00a0<span style=\"font-weight: bold;\"><span style=\"font-size: 16px; color: black;\">\u201cPugili\u201d<\/span><\/span><span style=\"font-size: 16px; color: #c9211e;\">\u00a0\u00a0<\/span><span style=\"font-size: 16px; color: black;\">racconta la storia di un pugile omosessuale intrecciandola con tre vicende di\u00a0 pugili che hanno fatto e cambiato la storia della boxe<span style=\"font-weight: bold;\">\u00a0.<\/span>\u00a0Ultimo appuntamento<\/span>\u00a0il debutto della nuova produzione\u00a0<span style=\"font-weight: bold;\">\u201cCasca il mondo\u201d\u00a0<\/span>in cui due amici, durante una trasmissione radiofonica, tra intervalli musicali, discutono, parlano si documentano come in un blog internettiano su teorie pi\u00f9 o meno probabili.<\/p>\n<p class=\"Standard\" style=\"font-family: Dosis; font-size: 16px; font-style: normal; font-weight: 400;\"><span style=\"font-weight: bold;\">\u00a0<\/span>La nuova programmazione si svolger\u00e0\u00a0<span style=\"font-weight: bold;\">dal 4 marzo al 4 giugno<\/span>\u00a0e la partecipazione del pubblico avverr\u00e0 nel rispetto delle vigenti norme Anti Covid 19.\u00a0L\u2019ingresso agli spettacoli avr\u00e0 un costo tra i 7 e i 15 euro, e\u00a0<span style=\"font-weight: bold;\">i residenti nei Comuni aderenti alla rassegna, gli under 18 e over 65 potranno assistere agli appuntamenti con il biglietto ridotto<\/span>.<\/p>\n<p class=\"Standard\" style=\"font-family: Dosis; font-size: 16px; font-style: normal; font-weight: 400;\">\u00a0Per informazioni e prevendite si pu\u00f2 contattare treatro terrediconfine al 0308901195 \u2013 3385946090<\/p>\n<p class=\"Standard\" style=\"font-family: Dosis; font-size: 16px; font-style: normal; font-weight: 400;\">\u00a0Per il programma completo si veda la brochure allegata.<\/p>\n<p class=\"MsoNormal\">L\u2019ingresso agli spettacoli avr\u00e0 un costo tra i 7 e i 15 euro, e i residenti nei Comuni aderenti alla\u00a0rassegna, gli under 18 e over 65 potranno assistere agli appuntamenti con il biglietto ridotto.<\/p>\n<\/div>\n<\/div>\n<\/div>\n<\/div>\n","protected":false},"excerpt":{"rendered":"Comunicato Stampa Scarica la locandina di Proposta 2022 VL\u2019edizione 2022 di \u201cProposta \u2013 progetto teatrale per la Valle Trompia\u201d rappresenta sia un importante\u00a0traguardo che un\u2019importante anteprima nel panorama triumplino: si \u00e8 giunti infatti alla\u00a039esima\u00a0edizione\u00a0e nel 2023, in occasione dell\u2019appuntamento Brescia e Bergamo Capitale della Cultura, la\u00a0rassegna festegger\u00e0 le Nozze di Smeraldo.\u00a0\u201cTrentanove anni di spettacoli, recital, [&hellip;]","protected":false},"author":1,"featured_media":0,"parent":10506,"menu_order":0,"comment_status":"closed","ping_status":"closed","template":"","meta":{"footnotes":""},"_links":{"self":[{"href":"https:\/\/treatro.it\/index.php?rest_route=\/wp\/v2\/pages\/11543"}],"collection":[{"href":"https:\/\/treatro.it\/index.php?rest_route=\/wp\/v2\/pages"}],"about":[{"href":"https:\/\/treatro.it\/index.php?rest_route=\/wp\/v2\/types\/page"}],"author":[{"embeddable":true,"href":"https:\/\/treatro.it\/index.php?rest_route=\/wp\/v2\/users\/1"}],"replies":[{"embeddable":true,"href":"https:\/\/treatro.it\/index.php?rest_route=%2Fwp%2Fv2%2Fcomments&post=11543"}],"version-history":[{"count":9,"href":"https:\/\/treatro.it\/index.php?rest_route=\/wp\/v2\/pages\/11543\/revisions"}],"predecessor-version":[{"id":11557,"href":"https:\/\/treatro.it\/index.php?rest_route=\/wp\/v2\/pages\/11543\/revisions\/11557"}],"up":[{"embeddable":true,"href":"https:\/\/treatro.it\/index.php?rest_route=\/wp\/v2\/pages\/10506"}],"wp:attachment":[{"href":"https:\/\/treatro.it\/index.php?rest_route=%2Fwp%2Fv2%2Fmedia&parent=11543"}],"curies":[{"name":"wp","href":"https:\/\/api.w.org\/{rel}","templated":true}]}}