{"id":10473,"date":"2018-03-30T07:04:47","date_gmt":"2018-03-30T07:04:47","guid":{"rendered":"https:\/\/treatro.it\/?page_id=10473"},"modified":"2018-04-09T11:31:40","modified_gmt":"2018-04-09T11:31:40","slug":"2017-2","status":"publish","type":"page","link":"https:\/\/treatro.it\/?page_id=10473","title":{"rendered":"2017"},"content":{"rendered":"<div class=\"mp-row-fluid motopress-row mpce-dsbl-margin-left mpce-dsbl-margin-right\">\n<div class=\"motopress-clmn mp-span12  mpce-dsbl-margin-left mpce-dsbl-margin-right\">\n<div class=\"motopress-image-obj motopress-text-align-left\"><img decoding=\"async\" src=\"https:\/\/treatro.it\/wp-content\/uploads\/2018\/04\/eventi-singoli-cop.jpg\" title=\"eventi singoli-cop-2017\" alt=\"eventi singoli-cop-2017\" class=\"motopress-image-obj-basic mpce-dsbl-margin-left mpce-dsbl-margin-right mpce-dsbl-margin-top mpce-dsbl-margin-bottom\" \/><\/div>\n<\/div>\n<\/div>\n<div class=\"mp-row-fluid motopress-row mpce-dsbl-margin-left mpce-dsbl-margin-right\">\n<div class=\"motopress-clmn mp-span12  mpce-dsbl-margin-left mpce-dsbl-margin-right  motopress-space\">\n<div class=\"motopress-space-obj mpce-dsbl-background-image-type mpce-dsbl-background-image mpce-dsbl-background-gradient mpce-dsbl-background-position mpce-dsbl-background-position-x mpce-dsbl-background-position-y mpce-dsbl-background-repeat mpce-dsbl-background-size mpce-dsbl-background-attachment mpce-dsbl-margin-left mpce-dsbl-margin-right mpce-dsbl-background-color mpce-dsbl-border-top-width mpce-dsbl-border-bottom-width mpce-dsbl-border-left-width mpce-dsbl-border-right-width mpce-dsbl-border-top-left-radius mpce-dsbl-border-top-right-radius mpce-dsbl-border-bottom-left-radius mpce-dsbl-border-bottom-right-radius mpce-dsbl-border-style mpce-dsbl-border-color mpce-dsbl-padding-left mpce-dsbl-padding-right mpce-dsbl-margin-top mpce-dsbl-margin-bottom mpce-dsbl-color motopress-margin-top-15\"  data-min-height=\"0\"><div><\/div><\/div>\n<\/div>\n<\/div>\n<div class=\"mp-row-fluid motopress-row mpce-prvt-10473-5acb31ff00d46 mpce-dsbl-margin-left mpce-dsbl-margin-right\">\n<div class=\"motopress-clmn mp-span6  mpce-dsbl-margin-left mpce-dsbl-margin-right\">\n<div class=\"motopress-text-obj\">\n<h2>Proposta 2017<\/h2>\n<\/div>\n<\/div>\n<div class=\"motopress-clmn mp-span6  mpce-dsbl-margin-left mpce-dsbl-margin-right\">\n<div class=\"motopress-download-button-obj  motopress-text-align-left motopress-margin-top-10\" ><a href=\"https:\/\/treatro.it\/wp-content\/uploads\/2018\/04\/proposta2017.pdf\" class=\"motopress-btn motopress-btn-size-middle motopress-btn-rounded motopress-btn-icon-indent-small mpce-prvt-10473-5ac4906f53ad3\"  download=\"proposta2017.pdf\" ><i class=\"fa fa-download motopress-btn-icon-align-left\"><\/i>Scarica la locandina di Proposta 2017<\/a><\/div>\n<\/div>\n<\/div>\n<div class=\"mp-row-fluid motopress-row mpce-prvt-10473-5acb321c00d87 mpce-dsbl-margin-left mpce-dsbl-margin-right\">\n<div class=\"motopress-clmn mp-span12  mpce-dsbl-margin-left mpce-dsbl-margin-right\">\n<div class=\"mp-row-fluid motopress-row mpce-dsbl-margin-left mpce-dsbl-margin-right\">\n<div class=\"motopress-clmn mp-span12 mpce-dsbl-margin-left mpce-dsbl-margin-right  motopress-space\">\n<div class=\"motopress-space-obj mpce-dsbl-background-image-type mpce-dsbl-background-image mpce-dsbl-background-gradient mpce-dsbl-background-position mpce-dsbl-background-position-x mpce-dsbl-background-position-y mpce-dsbl-background-repeat mpce-dsbl-background-size mpce-dsbl-background-attachment mpce-dsbl-margin-left mpce-dsbl-margin-right mpce-dsbl-background-color mpce-dsbl-border-top-width mpce-dsbl-border-bottom-width mpce-dsbl-border-left-width mpce-dsbl-border-right-width mpce-dsbl-border-top-left-radius mpce-dsbl-border-top-right-radius mpce-dsbl-border-bottom-left-radius mpce-dsbl-border-bottom-right-radius mpce-dsbl-border-style mpce-dsbl-border-color mpce-dsbl-padding-left mpce-dsbl-padding-right mpce-dsbl-margin-top mpce-dsbl-margin-bottom mpce-dsbl-color motopress-margin-bottom-15\"  data-min-height=\"0\"><div><\/div><\/div>\n<\/div>\n<\/div>\n<div class=\"mp-row-fluid motopress-row mpce-prvt-10473-5acb325600e4a mpce-dsbl-margin-left mpce-dsbl-margin-right\">\n<div class=\"motopress-clmn mp-span12 mpce-dsbl-margin-left mpce-dsbl-margin-right\">\n<div class=\"motopress-text-obj\">\n<p><strong>to be or not to be &#8230; questo \u00e8 il problema!<\/strong><\/p>\n<p>La riflessione e il lavoro teatrale portati avanti in questi anni sul territorio della Valle Trompia dalla nostra Associazione &#8220;treatro terre di confine&#8221; hanno affrontato nella maggior parte delle edizioni <strong>tematiche a contenuto sociale<\/strong>. Il linguaggio teatrale non pu\u00f2 distanziarsi dal concetto di sociale: sia momento di incontro, sia momento di riflessione collettiva. La sua forza \u00e8 quello di <strong>veicolare il pensiero attraverso l&#8217;emozione<\/strong>: il riso, il pianto, il gioco, la rabbia; attraverso una condivisione che agisca a livelli profondi per creare pensiero.<\/p>\n<p>Quest&#8217;anno Proposta vuole <strong>muoversi per spazi, per territori da esplorare<\/strong>. Creare in un territorio fisico un territorio emozionale, una mappa in cui possiamo inserirci. Perch\u00e9 due sono le mappe possibili, scriveva Calvino, la mappa Iliade e la mappa Odissea. La prima \u00e8 la mappa territoriale, l&#8217;ordine visto dall&#8217;alto, organizzato e pronto ad accogliere movimento, la seconda \u00e8 la mappa viva del viaggio, la mappa in cui perdersi per ritrovare rotte e domande.<\/p>\n<p><span style=\"font-weight: bold; font-size: 16px;\">Proposta 2017<\/span><span style=\"font-family: Dosis; font-size: 16px; font-style: normal; font-weight: 400;\">\u00a0vorrebbe accogliere entrambe le mappe: quella limpida che traccia i confini di un territorio, che d\u00e0 spazi da vivere, quella in movimento che lo fa attraversare, che genera domande&#8230;to be or not to be&#8230;pi\u00f9 che essere:\u00a0<\/span><span style=\"font-weight: bold; font-size: 16px;\">ESSERCI O NON ESSERCI,<\/span><span style=\"font-family: Dosis; font-size: 16px; font-style: normal; font-weight: 400;\">\u00a0questo \u00e8 il problema!<\/span><\/p>\n<\/div>\n<\/div>\n<\/div>\n<\/div>\n<\/div>\n<div class=\"mp-row-fluid motopress-row mpce-prvt-10473-5acb322700dc8 mpce-dsbl-margin-left mpce-dsbl-margin-right\">\n<div class=\"motopress-clmn mp-span12  mpce-dsbl-margin-left mpce-dsbl-margin-right\">\n<div class=\"mp-row-fluid motopress-row mpce-dsbl-margin-left mpce-dsbl-margin-right\">\n<div class=\"motopress-clmn mp-span6 mpce-dsbl-margin-left mpce-dsbl-margin-right\">\n<div class=\"motopress-video-obj\"><iframe src=\"\/\/www.youtube.com\/embed\/6zggZl_IBBs?wmode=opaque\" class=\" mpce-dsbl-margin-left mpce-dsbl-margin-right mpce-dsbl-margin-top mpce-dsbl-margin-bottom\" frameborder=\"0\" webkitallowfullscreen mozallowfullscreen allowfullscreen><\/iframe><\/div>\n<\/div>\n<div class=\"motopress-clmn mp-span6 mpce-dsbl-margin-left mpce-dsbl-margin-right\">\n<div class=\"motopress-text-obj\">\n<p style=\"font-family: Dosis; font-size: 16px; font-style: normal; font-weight: 400;\">Gli\u00a0<span style=\"font-weight: bold; font-size: 16px;\">\u201cSpazi\u201d<\/span>\u00a0che la rassegna vuole proporre ed esplorare sono:<\/p>\n<p style=\"font-family: Dosis; font-size: 16px; font-style: normal; font-weight: 400;\">Le\u00a0<span style=\"font-weight: bold; font-size: 16px;\">RADICI<\/span>: Partiamo da qui. Dalla terra. Impossibile \u00e8 parlare di diversit\u00e0 se non si esplorano le proprie radici. Ma in modo profondo, senza farsi incantare da superficiali giochi di folklore; L&#8217;\u00a0<span style=\"font-weight: bold; font-size: 16px;\">INQUINAMENTO<\/span>: possiamo non volerlo ricordare, ma Brescia rimane uno dei luoghi pi\u00f9 inquinati d&#8217;Italia; La\u00a0<span style=\"font-weight: bold; font-size: 16px;\">SESSUALITA&#8217;,<\/span>\u00a0che pi\u00f9 che di paura, \u00e8 di solitudine che si sente parlare; La\u00a0<span style=\"font-weight: bold; font-size: 16px;\">VIOLENZA<\/span>\u00a0<span style=\"font-weight: bold; font-size: 16px;\">CONTRO LE DONNE<\/span>: altro territorio che pare lontano, distante, e che invece \u00e8 reale, sempre ad un passo da noi;\u00a0<span style=\"font-size: 16px; font-weight: bold;\">La DIPENDENZA<\/span><span style=\"font-family: Dosis; font-size: 16px; font-style: normal; font-weight: 400; letter-spacing: 0px;\">: alcol, gioco, droga, crisi intesa in tutte le sue sfaccettature, intesa anche nel senso di cambiamento; il\u00a0<\/span><span style=\"font-size: 16px; font-weight: bold;\">RAZZISMO<\/span><span style=\"font-family: Dosis; font-size: 16px; font-style: normal; font-weight: 400; letter-spacing: 0px;\">: Accoglienza, il confrontarsi con l&#8217;altro, ormai parte di un quotidiano che appartiene a tutti;\u00a0<\/span><span style=\"font-size: 16px; font-weight: bold;\">TRASCENDENZA<\/span><span style=\"font-family: Dosis; font-size: 16px; font-style: normal; font-weight: 400; letter-spacing: 0px;\">: il teatro conficca i piedi nella terra, ma porta la testa al cielo.<\/span><\/p>\n<\/div>\n<\/div>\n<\/div>\n<div class=\"mp-row-fluid motopress-row mpce-prvt-10473-5acb4e4179463 mpce-dsbl-margin-left mpce-dsbl-margin-right motopress-margin-top-10\">\n<div class=\"motopress-clmn mp-span12 mpce-dsbl-margin-left mpce-dsbl-margin-right\">\n<div class=\"motopress-text-obj\">\n<p style=\"font-family: Dosis; font-size: 16px; font-style: normal; font-weight: 400;\">Come ogni luogo, come ogni territorio, ogni spazio che andremo a proporre avr\u00e0\u00a0<span style=\"font-size: 16px; font-weight: bold;\">zone di luce e d&#8217;ombra<\/span>. Ci chiederanno di esserci, di ridere e pensare, ci chiederanno di attraversarli. To be or not to be. Affrontare la domanda per vivere un territorio artistico e emotivo, per\u00a0<span style=\"font-size: 16px; font-weight: bold;\">fare un viaggio in una rassegna teatrale che renda la Valle Trompia un luogo vivo e da vivere.<\/span><\/p>\n<\/div>\n<\/div>\n<\/div>\n<div class=\"mp-row-fluid motopress-row mpce-dsbl-margin-left mpce-dsbl-margin-right\">\n<div class=\"motopress-clmn mp-span12 mpce-dsbl-margin-left mpce-dsbl-margin-right  motopress-space\">\n<div class=\"motopress-space-obj mpce-dsbl-background-image-type mpce-dsbl-background-image mpce-dsbl-background-gradient mpce-dsbl-background-position mpce-dsbl-background-position-x mpce-dsbl-background-position-y mpce-dsbl-background-repeat mpce-dsbl-background-size mpce-dsbl-background-attachment mpce-dsbl-margin-left mpce-dsbl-margin-right mpce-dsbl-background-color mpce-dsbl-border-top-width mpce-dsbl-border-bottom-width mpce-dsbl-border-left-width mpce-dsbl-border-right-width mpce-dsbl-border-top-left-radius mpce-dsbl-border-top-right-radius mpce-dsbl-border-bottom-left-radius mpce-dsbl-border-bottom-right-radius mpce-dsbl-border-style mpce-dsbl-border-color mpce-dsbl-padding-left mpce-dsbl-padding-right mpce-dsbl-margin-top mpce-dsbl-margin-bottom mpce-dsbl-color motopress-margin-top-15\"  data-min-height=\"0\"><div><\/div><\/div>\n<\/div>\n<\/div>\n<\/div>\n<\/div>\n<div class=\"mp-row-fluid motopress-row mpce-prvt-10473-5acb323100e09 mpce-dsbl-margin-left mpce-dsbl-margin-right\">\n<div class=\"motopress-clmn mp-span6  mpce-dsbl-margin-left mpce-dsbl-margin-right\">\n<div class=\"motopress-button-obj motopress-text-align-center\"><a href=\"https:\/\/treatro.it\/?page_id=10469\" target=\"_self\" class=\"motopress-btn motopress-btn-size-middle motopress-btn-rounded motopress-btn-icon-indent-small mpce-prvt-10473-5ac603c9cebd0\"><i class=\"fa fa-angle-double-left motopress-btn-icon-align-left\"><\/i>Guarda i nostri spettacoli in distribuzione<\/a><\/div>\n<\/div>\n<div class=\"motopress-clmn mp-span6  mpce-dsbl-margin-left mpce-dsbl-margin-right\">\n<div class=\"motopress-button-obj motopress-text-align-center\"><a href=\"https:\/\/treatro.it\/?page_id=10471\" target=\"_self\" class=\"motopress-btn motopress-btn-size-middle motopress-btn-rounded motopress-btn-icon-indent-small mpce-prvt-10473-5ac603d8cec13\"><i class=\"fa fa-phone motopress-btn-icon-align-left\"><\/i>Contattaci per maggiori informazioni su Treatro<\/a><\/div>\n<\/div>\n<\/div>\n","protected":false},"excerpt":{"rendered":"Proposta 2017 Scarica la locandina di Proposta 2017 to be or not to be &#8230; questo \u00e8 il problema! La riflessione e il lavoro teatrale portati avanti in questi anni sul territorio della Valle Trompia dalla nostra Associazione &#8220;treatro terre di confine&#8221; hanno affrontato nella maggior parte delle edizioni tematiche a contenuto sociale. Il linguaggio [&hellip;]","protected":false},"author":1,"featured_media":0,"parent":10506,"menu_order":0,"comment_status":"closed","ping_status":"closed","template":"","meta":{"footnotes":""},"_links":{"self":[{"href":"https:\/\/treatro.it\/index.php?rest_route=\/wp\/v2\/pages\/10473"}],"collection":[{"href":"https:\/\/treatro.it\/index.php?rest_route=\/wp\/v2\/pages"}],"about":[{"href":"https:\/\/treatro.it\/index.php?rest_route=\/wp\/v2\/types\/page"}],"author":[{"embeddable":true,"href":"https:\/\/treatro.it\/index.php?rest_route=\/wp\/v2\/users\/1"}],"replies":[{"embeddable":true,"href":"https:\/\/treatro.it\/index.php?rest_route=%2Fwp%2Fv2%2Fcomments&post=10473"}],"version-history":[{"count":10,"href":"https:\/\/treatro.it\/index.php?rest_route=\/wp\/v2\/pages\/10473\/revisions"}],"predecessor-version":[{"id":10942,"href":"https:\/\/treatro.it\/index.php?rest_route=\/wp\/v2\/pages\/10473\/revisions\/10942"}],"up":[{"embeddable":true,"href":"https:\/\/treatro.it\/index.php?rest_route=\/wp\/v2\/pages\/10506"}],"wp:attachment":[{"href":"https:\/\/treatro.it\/index.php?rest_route=%2Fwp%2Fv2%2Fmedia&parent=10473"}],"curies":[{"name":"wp","href":"https:\/\/api.w.org\/{rel}","templated":true}]}}