{"id":10469,"date":"2018-03-30T07:04:47","date_gmt":"2018-03-30T07:04:47","guid":{"rendered":"https:\/\/treatro.it\/?page_id=10469"},"modified":"2021-01-19T08:14:04","modified_gmt":"2021-01-19T08:14:04","slug":"in-distribuzione","status":"publish","type":"page","link":"https:\/\/treatro.it\/?page_id=10469","title":{"rendered":"In distribuzione"},"content":{"rendered":"<div class=\"mp-row-fluid motopress-row mpce-dsbl-margin-left mpce-dsbl-margin-right\">\n<div class=\"motopress-clmn mp-span12  mpce-dsbl-margin-left mpce-dsbl-margin-right\">\n<div class=\"mp-row-fluid motopress-row mpce-prvt-10469-5acba99c50f29 mpce-dsbl-margin-left mpce-dsbl-margin-right\">\n<div class=\"motopress-clmn mp-span12 mpce-dsbl-margin-left mpce-dsbl-margin-right\">\n<div class=\"motopress-text-obj\">\n<h2><span style=\"font-size: 36px;\">Teatro ragazzi\u00a0<\/span><\/h2>\n<\/div>\n<\/div>\n<\/div>\n<div class=\"mp-row-fluid motopress-row mpce-prvt-10469-5acba9b350f6a mpce-dsbl-margin-left mpce-dsbl-margin-right\">\n<div class=\"motopress-clmn mp-span3 mpce-dsbl-margin-left mpce-dsbl-margin-right\">\n<div class=\"motopress-service-box-obj motopress-service-box-centered motopress-service-box-basic\"><div class=\"motopress-service-box-icon-section motopress-service-box-big-image\"  style=\" padding-left: 0px; padding-right: 0px; padding-top: 0px; padding-bottom: 0px;\"><div class=\"motopress-service-box-icon-holder\"  style=\" font-size: 305px;\"><div style=\"background-image: url('https:\/\/treatro.it\/wp-content\/uploads\/2018\/12\/foto11.jpeg');\"><\/div><\/div><\/div><div class=\"motopress-service-box-heading-section\"><h4>Baule Vagamondo<\/p>\n<p><\/h4><\/div><div class=\"motopress-service-box-content-section\">\n<p>Un baule, una vela, una nave, due viaggiatori e un vagone di storie: storie di mare, storie di incontri, storie per amare ci\u00f2 che \u00e8 lontano e ci\u00f2 che \u00e8 vicino; ci\u00f2 che \u00e8 diverso e ci\u00f2 che \u00e8 uguale&#8230;<\/p>\n<\/div><div class=\"motopress-service-box-button-section motopress-text-align-center\"><a href=\"https:\/\/treatro.it\/?p=11027&amp;preview=true\" class=\"motopress-btn motopress-btn-size-middle motopress-btn-rounded motopress-btn-color-silver\" rel=\"\" >Continua a leggere<\/a><\/div><\/div>\n<\/div>\n<div class=\"motopress-clmn mp-span3 mpce-dsbl-margin-left mpce-dsbl-margin-right\">\n<div class=\"motopress-service-box-obj motopress-service-box-centered motopress-service-box-basic\"><div class=\"motopress-service-box-icon-section motopress-service-box-big-image\"  style=\" padding-left: 0px; padding-right: 0px; padding-top: 0px; padding-bottom: 0px;\"><div class=\"motopress-service-box-icon-holder\"  style=\" font-size: 305px;\"><div style=\"background-image: url('https:\/\/treatro.it\/wp-content\/uploads\/2018\/07\/autobus.jpg');\"><\/div><\/div><\/div><div class=\"motopress-service-box-heading-section\"><h4>Era un autobus, insomma, non proprio...<\/h4><\/div><div class=\"motopress-service-box-content-section\">\n<p>L&#8217;alba, un momento di sorpresa e attesa. Un momento in cui il sogno pu\u00f2 entrare nel reale, insieme alle sue magie, insieme alle sue follie. Ma cosa succede se&#8230;<\/p>\n<\/div><div class=\"motopress-service-box-button-section motopress-text-align-center\"><a href=\"https:\/\/treatro.it\/?p=10637\" class=\"motopress-btn motopress-btn-size-middle motopress-btn-rounded motopress-btn-color-silver\" rel=\"\" >Continua a leggere<\/a><\/div><\/div>\n<\/div>\n<div class=\"motopress-clmn mp-span3 mpce-dsbl-margin-left mpce-dsbl-margin-right\">\n<div class=\"motopress-service-box-obj motopress-service-box-centered motopress-service-box-basic\"><div class=\"motopress-service-box-icon-section motopress-service-box-big-image\"  style=\" padding-left: 0px; padding-right: 0px; padding-top: 0px; padding-bottom: 0px;\"><div class=\"motopress-service-box-icon-holder\"  style=\" font-size: 305px;\"><div style=\"background-image: url('https:\/\/treatro.it\/wp-content\/uploads\/2018\/07\/cavalier-frescobello-2.jpg');\"><\/div><\/div><\/div><div class=\"motopress-service-box-heading-section\"><h4>La luna al guinzaglio<\/h4><\/div><div class=\"motopress-service-box-content-section\">\n<p>\u201cLa luna al guinzaglio\u201d \u00e8 uno spettacolo sulla tematica del fantastico mondo della luna in cui vengono usati testi di vari autori. Particolare importanza riveste \u201cChiaro scuro\u201d, fiaba in rima di Guido Quarzo, che racconta le avventure esilaranti del cavalier di Frescobello \u201c&#8230;che fiero se ne va\/ sul bianchissimo cavallo\/&#8230;.<\/p>\n<\/div><div class=\"motopress-service-box-button-section motopress-text-align-center\"><a href=\"https:\/\/treatro.it\/?p=10993\" class=\"motopress-btn motopress-btn-size-middle motopress-btn-rounded motopress-btn-color-silver\" rel=\"\" >Continua a leggere<\/a><\/div><\/div>\n<\/div>\n<div class=\"motopress-clmn mp-span3 mpce-dsbl-margin-left mpce-dsbl-margin-right\">\n<div class=\"motopress-service-box-obj motopress-service-box-centered motopress-service-box-basic\"><div class=\"motopress-service-box-icon-section motopress-service-box-big-image\"  style=\" padding-left: 0px; padding-right: 0px; padding-top: 0px; padding-bottom: 0px;\"><div class=\"motopress-service-box-icon-holder\"  style=\" font-size: 305px;\"><div style=\"background-image: url('https:\/\/treatro.it\/wp-content\/uploads\/2018\/07\/forbici.jpg');\"><\/div><\/div><\/div><div class=\"motopress-service-box-heading-section\"><h4>Le forbici di Andersen<\/h4><\/div><div class=\"motopress-service-box-content-section\">\n<p>H.C. Andersen ritagliava figure dalla carta, sagome o disegni che prendevano vita dal nulla, richiamate alla realt\u00e0 dallo scrittore che gi\u00e0 intravedeva le loro possibilit\u00e0 creative. Le figurine venivano da lui mosse in un teatrino..<\/p>\n<\/div><div class=\"motopress-service-box-button-section motopress-text-align-center\"><a href=\"https:\/\/treatro.it\/?p=11006\" class=\"motopress-btn motopress-btn-size-middle motopress-btn-rounded motopress-btn-color-silver\" rel=\"\" >Continua a leggere<\/a><\/div><\/div>\n<\/div>\n<\/div>\n<div class=\"mp-row-fluid motopress-row mpce-dsbl-margin-left mpce-dsbl-margin-right\">\n<div class=\"motopress-clmn mp-span12 mpce-dsbl-margin-left mpce-dsbl-margin-right\">\n<div class=\"motopress-text-obj\">\n<h2><span style=\"font-size: 36px;\">Spettacoli\u00a0<\/span><\/h2>\n<\/div>\n<\/div>\n<\/div>\n<\/div>\n<\/div>\n<div class=\"mp-row-fluid motopress-row mpce-prvt-10469-5acba9d250fab mpce-dsbl-margin-left mpce-dsbl-margin-right\">\n<div class=\"motopress-clmn mp-span4  mpce-dsbl-margin-left mpce-dsbl-margin-right\">\n<div class=\"motopress-service-box-obj motopress-service-box-centered motopress-service-box-basic\"><div class=\"motopress-service-box-icon-section motopress-service-box-big-image\"  style=\" padding-left: 0px; padding-right: 0px; padding-top: 0px; padding-bottom: 0px;\"><div class=\"motopress-service-box-icon-holder\"  style=\" font-size: 306px;\"><div style=\"background-image: url('https:\/\/treatro.it\/wp-content\/uploads\/2021\/01\/el-pantera.jpg');\"><\/div><\/div><\/div><div class=\"motopress-service-box-heading-section\"><h4>F\u00f3bal<\/h4><\/div><div class=\"motopress-service-box-content-section\">\n<p>Lo spettacolo mette in scena due ragazzi, due fratelli e il loro rapporto col calcio come strumento di incontro, di rivincita sociale, come un microcosmo di relazioni e rapporti: dagli anni 50 all\u2019oggi. Un calcio di provincia, di piccole persone e piccole vittorie, ma di grandi desideri. Un calcio che incontra i suoi miti tra le osterie e le amicizie, tra le leggende sportive e gli abitanti del paese&#8230;<\/p>\n<\/div><div class=\"motopress-service-box-button-section motopress-text-align-center\"><a href=\"https:\/\/treatro.it\/?p=11376&preview=true\" class=\"motopress-btn motopress-btn-size-middle motopress-btn-rounded motopress-btn-color-silver\" rel=\"\" >Continua a leggere<\/a><\/div><\/div>\n<\/div>\n<div class=\"motopress-clmn mp-span4  mpce-dsbl-margin-left mpce-dsbl-margin-right\">\n<div class=\"motopress-service-box-obj motopress-service-box-centered motopress-service-box-basic\"><div class=\"motopress-service-box-icon-section motopress-service-box-big-image\"  style=\" padding-left: 0px; padding-right: 0px; padding-top: 0px; padding-bottom: 0px;\"><div class=\"motopress-service-box-icon-holder\"  style=\" font-size: 306px;\"><div style=\"background-image: url('https:\/\/treatro.it\/wp-content\/uploads\/2018\/07\/catena-bella.jpg');\"><\/div><\/div><\/div><div class=\"motopress-service-box-heading-section\"><h4>Catena Bella<\/h4><\/div><div class=\"motopress-service-box-content-section\">\n<p>Fine dell&#8217;ottocento, Milano, nasce Eberardo Pavesi, e la bicicletta inizia i primi passi stentati su strade polverose e sconnesse, met\u00e0 mezzo di rivoluzione sociale, met\u00e0 strumento di sfida e stupore&#8230;<\/p>\n<\/div><div class=\"motopress-service-box-button-section motopress-text-align-center\"><a href=\"https:\/\/treatro.it\/?p=10976\" class=\"motopress-btn motopress-btn-size-middle motopress-btn-rounded motopress-btn-color-silver\" rel=\"\" >Continua a leggere<\/a><\/div><\/div>\n<\/div>\n<div class=\"motopress-clmn mp-span4  mpce-dsbl-margin-left mpce-dsbl-margin-right\">\n<div class=\"motopress-service-box-obj motopress-service-box-centered motopress-service-box-basic\"><div class=\"motopress-service-box-icon-section motopress-service-box-big-image\"  style=\" padding-left: 0px; padding-right: 0px; padding-top: 0px; padding-bottom: 0px;\"><div class=\"motopress-service-box-icon-holder\"  style=\" font-size: 305px;\"><div style=\"background-image: url('https:\/\/treatro.it\/wp-content\/uploads\/2020\/10\/STAGIONI.jpg');\"><\/div><\/div><\/div><div class=\"motopress-service-box-heading-section\"><h4>Le stagioni dei prati<\/h4><\/div><div class=\"motopress-service-box-content-section\">\n<p>\u201cA vivere qui, cambia il senso del tempo. Non cosa faccio tra l\u2019una e le due, ma tra l\u2019estate e l\u2019inverno. Non cosa sogno prima di dormire, ma cosa sogna l\u2019autunno. Non cosa far\u00f2 il natale che viene, ma tra dieci anni il melo come sar\u00e0?<br \/>\n\u2026sar\u00e0 pi\u00f9 bello che mai\u201d&#8230;<\/p>\n<\/div><div class=\"motopress-service-box-button-section motopress-text-align-center\"><a href=\"https:\/\/treatro.it\/?p=10640\" class=\"motopress-btn motopress-btn-size-middle motopress-btn-rounded motopress-btn-color-silver\" rel=\"\" >Continua a leggere<\/a><\/div><\/div>\n<\/div>\n<\/div>\n<div class=\"mp-row-fluid motopress-row mpce-prvt-10469-5acba9da50fec mpce-dsbl-margin-left mpce-dsbl-margin-right\">\n<div class=\"motopress-clmn mp-span4  mpce-dsbl-margin-left mpce-dsbl-margin-right\">\n<div class=\"motopress-service-box-obj motopress-service-box-centered motopress-service-box-basic\"><div class=\"motopress-service-box-icon-section motopress-service-box-big-image\"  style=\" padding-left: 0px; padding-right: 0px; padding-top: 0px; padding-bottom: 0px;\"><div class=\"motopress-service-box-icon-holder\"  style=\" font-size: 305px;\"><div style=\"background-image: url('https:\/\/treatro.it\/wp-content\/uploads\/2018\/04\/013.JPG.jpg');\"><\/div><\/div><\/div><div class=\"motopress-service-box-heading-section\"><h4>Terra di donne<\/h4><\/div><div class=\"motopress-service-box-content-section\">\n<p>\u201cLa voce di Violette Ailhaud commuove, come se lei fosse l\u00ec in carne ed ossa a raccontare quell&#8217;episodio della sua vita risalente alla met\u00e0 dell&#8217;Ottocento, eppure cos\u00ec attuale.<br \/>\n\u00c8 una storia incredibilmente intima, quella che ha voluto affidare a un notaio&#8230;<\/p>\n<\/div><div class=\"motopress-service-box-button-section motopress-text-align-center\"><a href=\"https:\/\/treatro.it\/?p=10639\" class=\"motopress-btn motopress-btn-size-middle motopress-btn-rounded motopress-btn-color-silver\" rel=\"\" >Continua a leggere<\/a><\/div><\/div>\n<\/div>\n<div class=\"motopress-clmn mp-span4  mpce-dsbl-margin-left mpce-dsbl-margin-right\">\n<div class=\"motopress-service-box-obj motopress-service-box-centered motopress-service-box-basic\"><div class=\"motopress-service-box-icon-section motopress-service-box-big-image\"  style=\" padding-left: 0px; padding-right: 0px; padding-top: 0px; padding-bottom: 0px;\"><div class=\"motopress-service-box-icon-holder\"  style=\" font-size: 306px;\"><div style=\"background-image: url('https:\/\/treatro.it\/wp-content\/uploads\/2018\/04\/DSC_0975.JPG.jpg');\"><\/div><\/div><\/div><div class=\"motopress-service-box-heading-section\"><h4>Ci vorrebbero cent'anni<\/h4><\/div><div class=\"motopress-service-box-content-section\">\n<p>\u201cSe a te ti chiedono cosa hai fatto tra i 20 e i 24 anni cosa ci rispondi?\u201d. La guerra \u00e8 una questione di giovent\u00f9. La Prima di giovent\u00f9 e di terra. Terra guadagnata e terra persa e terra lasciata per andare in trincea. Da qui parte il racconto di un giovane alpino, che saluta le sue montagne, quelle della Val Trompia, per trovarne altre pi\u00f9 dure, non pi\u00f9 da coltivare&#8230;<\/p>\n<\/div><div class=\"motopress-service-box-button-section motopress-text-align-center\"><a href=\"https:\/\/treatro.it\/?p=10641\" class=\"motopress-btn motopress-btn-size-middle motopress-btn-rounded motopress-btn-color-silver\" rel=\"\" >Continua a leggere<\/a><\/div><\/div>\n<\/div>\n<div class=\"motopress-clmn mp-span4  mpce-dsbl-margin-left mpce-dsbl-margin-right\">\n<div class=\"motopress-service-box-obj motopress-service-box-centered motopress-service-box-basic\"><div class=\"motopress-service-box-icon-section motopress-service-box-big-image\"  style=\" padding-left: 0px; padding-right: 0px; padding-top: 0px; padding-bottom: 0px;\"><div class=\"motopress-service-box-icon-holder\"  style=\" font-size: 306px;\"><div style=\"background-image: url('https:\/\/treatro.it\/wp-content\/uploads\/2018\/04\/il-canto-di-ulisse.jpg');\"><\/div><\/div><\/div><div class=\"motopress-service-box-heading-section\"><h4>Il canto di Ulisse<\/h4><\/div><div class=\"motopress-service-box-content-section\">\n<p>Pu\u00f2 esistere ancora bellezza al mondo dopo Auschwitz? Risposta:<br \/>\nSi parte da un viaggio e da un viaggiatore: Ulisse. Si parte da un poeta: Dante, che cammina al centro dell&#8217;inferno, che canta Ulisse e il suo desiderio di conoscere, di trovare. Si parte da un fisico, Heisenberg, che prima della seconda guerra mondiale, come Ulisse&#8230;<\/p>\n<\/div><div class=\"motopress-service-box-button-section motopress-text-align-center\"><a href=\"https:\/\/treatro.it\/?p=10656\" class=\"motopress-btn motopress-btn-size-middle motopress-btn-rounded motopress-btn-color-silver\" rel=\"\" >Continua a leggere<\/a><\/div><\/div>\n<\/div>\n<\/div>\n<div class=\"mp-row-fluid motopress-row mpce-prvt-10469-5acba9ef5102d mpce-dsbl-margin-left mpce-dsbl-margin-right\">\n<div class=\"motopress-clmn mp-span12  mpce-dsbl-margin-left mpce-dsbl-margin-right  motopress-space\">\n<div class=\"motopress-space-obj mpce-dsbl-background-image-type mpce-dsbl-background-image mpce-dsbl-background-gradient mpce-dsbl-background-position mpce-dsbl-background-position-x mpce-dsbl-background-position-y mpce-dsbl-background-repeat mpce-dsbl-background-size mpce-dsbl-background-attachment mpce-dsbl-margin-left mpce-dsbl-margin-right mpce-dsbl-background-color mpce-dsbl-border-top-width mpce-dsbl-border-bottom-width mpce-dsbl-border-left-width mpce-dsbl-border-right-width mpce-dsbl-border-top-left-radius mpce-dsbl-border-top-right-radius mpce-dsbl-border-bottom-left-radius mpce-dsbl-border-bottom-right-radius mpce-dsbl-border-style mpce-dsbl-border-color mpce-dsbl-padding-left mpce-dsbl-padding-right mpce-dsbl-margin-top mpce-dsbl-margin-bottom mpce-dsbl-color motopress-margin-top-15\"  data-min-height=\"0\"><div><\/div><\/div>\n<\/div>\n<\/div>\n<div class=\"mp-row-fluid motopress-row mpce-prvt-10469-5acba9f65106e mpce-dsbl-margin-left mpce-dsbl-margin-right\">\n<div class=\"motopress-clmn mp-span12  mpce-dsbl-margin-left mpce-dsbl-margin-right\">\n<div class=\"motopress-text-obj\">\n<h2><span style=\"font-size: 36px;\">Letture<\/span><span style=\"font-size: 36px;\">\u00a0<\/span><\/h2>\n<\/div>\n<\/div>\n<\/div>\n<div class=\"mp-row-fluid motopress-row mpce-prvt-10469-5acbaa02510af mpce-dsbl-margin-left mpce-dsbl-margin-right\">\n<div class=\"motopress-clmn mp-span12  mpce-dsbl-margin-left mpce-dsbl-margin-right\">\n<div class=\"mp-row-fluid motopress-row mpce-dsbl-margin-left mpce-dsbl-margin-right\">\n<div class=\"motopress-clmn mp-span12 mpce-dsbl-margin-left mpce-dsbl-margin-right\">\n<div class=\"motopress-text-obj\">\n<p>Clicca sul titolo per maggiori informazioni.<\/p>\n<ul>\n<li><strong><a href=\"https:\/\/treatro.it\/?page_id=10671\">Letture resistenti<\/a><\/strong><\/li>\n<li><strong><a href=\"https:\/\/treatro.it\/?page_id=10675\">Racconti di donne<\/a><\/strong><\/li>\n<\/ul>\n<\/div>\n<\/div>\n<\/div>\n<div class=\"mp-row-fluid motopress-row mpce-dsbl-margin-left mpce-dsbl-margin-right\">\n<div class=\"motopress-clmn mp-span12 mpce-dsbl-margin-left mpce-dsbl-margin-right  motopress-space\" style=\"min-height: 20px;\">\n<div class=\"motopress-space-obj mpce-dsbl-background-image-type mpce-dsbl-background-image mpce-dsbl-background-gradient mpce-dsbl-background-position mpce-dsbl-background-position-x mpce-dsbl-background-position-y mpce-dsbl-background-repeat mpce-dsbl-background-size mpce-dsbl-background-attachment mpce-dsbl-margin-left mpce-dsbl-margin-right mpce-dsbl-background-color mpce-dsbl-border-top-width mpce-dsbl-border-bottom-width mpce-dsbl-border-left-width mpce-dsbl-border-right-width mpce-dsbl-border-top-left-radius mpce-dsbl-border-top-right-radius mpce-dsbl-border-bottom-left-radius mpce-dsbl-border-bottom-right-radius mpce-dsbl-border-style mpce-dsbl-border-color mpce-dsbl-padding-left mpce-dsbl-padding-right mpce-dsbl-margin-top mpce-dsbl-margin-bottom mpce-dsbl-color\"  data-min-height=\"0\"><div><\/div><\/div>\n<\/div>\n<\/div>\n<\/div>\n<\/div>\n<div class=\"mp-row-fluid motopress-row mpce-prvt-10469-5acbaa14510f0 mpce-dsbl-margin-left mpce-dsbl-margin-right\">\n<div class=\"motopress-clmn mp-span12  mpce-dsbl-margin-left mpce-dsbl-margin-right\">\n<div class=\"motopress-button-obj motopress-text-align-center\"><a href=\"https:\/\/treatro.it\/?page_id=10470\" target=\"_self\" class=\"motopress-btn motopress-btn-size-middle motopress-btn-rounded motopress-btn-icon-indent-small mpce-prvt-10469-5ac3a1912bb55\">Guarda i nostri Progetti speciali<\/a><\/div>\n<\/div>\n<\/div>\n<div class=\"mp-row-fluid motopress-row mpce-dsbl-margin-left mpce-dsbl-margin-right\">\n<div class=\"motopress-clmn mp-span12  mpce-dsbl-margin-left mpce-dsbl-margin-right\">\n<div class=\"motopress-text-obj\">\n<h2><\/h2>\n<\/div>\n<\/div>\n<\/div>\n","protected":false},"excerpt":{"rendered":"Teatro ragazzi\u00a0 Baule Vagamondo Un baule, una vela, una nave, due viaggiatori e un vagone di storie: storie di mare, storie di incontri, storie per amare ci\u00f2 che \u00e8 lontano e ci\u00f2 che \u00e8 vicino; ci\u00f2 che \u00e8 diverso e ci\u00f2 che \u00e8 uguale&#8230; Continua a leggere Era un autobus, insomma, non proprio&#8230; L&#8217;alba, un [&hellip;]","protected":false},"author":1,"featured_media":0,"parent":10510,"menu_order":0,"comment_status":"closed","ping_status":"closed","template":"","meta":{"footnotes":""},"_links":{"self":[{"href":"https:\/\/treatro.it\/index.php?rest_route=\/wp\/v2\/pages\/10469"}],"collection":[{"href":"https:\/\/treatro.it\/index.php?rest_route=\/wp\/v2\/pages"}],"about":[{"href":"https:\/\/treatro.it\/index.php?rest_route=\/wp\/v2\/types\/page"}],"author":[{"embeddable":true,"href":"https:\/\/treatro.it\/index.php?rest_route=\/wp\/v2\/users\/1"}],"replies":[{"embeddable":true,"href":"https:\/\/treatro.it\/index.php?rest_route=%2Fwp%2Fv2%2Fcomments&post=10469"}],"version-history":[{"count":30,"href":"https:\/\/treatro.it\/index.php?rest_route=\/wp\/v2\/pages\/10469\/revisions"}],"predecessor-version":[{"id":11379,"href":"https:\/\/treatro.it\/index.php?rest_route=\/wp\/v2\/pages\/10469\/revisions\/11379"}],"up":[{"embeddable":true,"href":"https:\/\/treatro.it\/index.php?rest_route=\/wp\/v2\/pages\/10510"}],"wp:attachment":[{"href":"https:\/\/treatro.it\/index.php?rest_route=%2Fwp%2Fv2%2Fmedia&parent=10469"}],"curies":[{"name":"wp","href":"https:\/\/api.w.org\/{rel}","templated":true}]}}